{"id":2818,"date":"2024-12-13T06:49:10","date_gmt":"2024-12-13T06:49:10","guid":{"rendered":"https:\/\/yufengoutdoor.com\/?post_type=product&#038;p=2818"},"modified":"2024-12-13T06:49:10","modified_gmt":"2024-12-13T06:49:10","slug":"umbrella-shelter-50-day-shelter-with-storm-poles","status":"publish","type":"product","link":"https:\/\/yufengoutdoor.com\/de\/produkt\/umbrella-shelter-50-day-shelter-with-storm-poles\/","title":{"rendered":"Schirmunterstand - 50\u2033 Tagesunterstand mit Sturmstangen"},"content":{"rendered":"<div>50\u2033-SPEZI-BROLLY<\/div>\n<div>2.50M 50INCH<\/div>\n<div>SCHWARZER STAHLRAHMEN<\/div>\n<div>KEINE ABW\u00c4RTSSTANGE UND INNENSTANGE<\/div>\n<div>JEDER RAHMEN MIT SCHRAUBVERSCHLUSS BEI DER PRODUKTION<\/div>\n<div>NORMALE N\u00c4HTE - FRANZ\u00d6SISCHE NAHT<\/div>\n<div>ARMEEGR\u00dcNES 210D-GEWEBE<\/div>\n<div>HAUPTBROLLY MIT NGT QUICKFISH 50\u2033 SIEBDRUCK-LOGO IN SCHWARZ AUF DEN SEITENW\u00c4NDEN<\/div>\n<div>MINI-SEITENTEILE @ 90CM<\/div>\n<div>2*SCHWARZE BANKSTICKS @ 70CM(WENN GESCHLOSSEN)<\/div>\n<div>KEIN BODENBELAG ENTHALTEN<\/div>\n<div>GLOCKENKAPPE, BEI DER SICH DER O-RING NUR AUF DER INNENSEITE BEFINDET<\/div>\n<div>DER SCHIRM WIRD AUF DER R\u00dcCKSEITE FESTGEBUNDEN.<\/div>\n<div>DAS GURTBAND DES VERANKERUNGSPUNKTES WIRD AN DER R\u00dcCKSEITE KASTENF\u00d6RMIG VERN\u00c4HT UND VERST\u00c4RKT<\/div>\n<div>DAS GURTBAND MUSS DIE GLEICHE BREITE WIE DIE D-RINGE HABEN<\/div>\n<div>ALLE ABSPANNPUNKTE M\u00dcSSEN SICH AN DER AUSSENSEITE DES SCHIRMS BEFINDEN<\/div>\n<div>ZUS\u00c4TZLICHE VERANKERUNGSPUNKTE 10 CM OBERHALB DER AKTUELLEN POSITION AN DEN BEIDEN SEITENW\u00c4NDEN ERFORDERLICH<\/div>\n<div>LIEFERUMFANG 210D SLEEVE und 12 St\u00fcck L SHAPE PEGS mit 2 St\u00fcck 5m Abspannseilen<\/div>","protected":false},"excerpt":{"rendered":"<h4><strong>Modell : YF-UMS2501<\/strong><\/h4>\n<p>&nbsp;<\/p>\n<p>&nbsp;<\/p>\n<p><strong>Verf\u00fcgbare Gr\u00f6\u00dfen : 300CM\u00a0<\/strong><\/p>\n<p><strong>Menge\/Karton : 4PCS<\/strong><\/p>","protected":false},"featured_media":2819,"comment_status":"open","ping_status":"closed","template":"","meta":{"_uag_custom_page_level_css":"","site-sidebar-layout":"default","site-content-layout":"","ast-site-content-layout":"default","site-content-style":"default","site-sidebar-style":"default","ast-global-header-display":"","ast-banner-title-visibility":"","ast-main-header-display":"","ast-hfb-above-header-display":"","ast-hfb-below-header-display":"","ast-hfb-mobile-header-display":"","site-post-title":"","ast-breadcrumbs-content":"","ast-featured-img":"","footer-sml-layout":"","ast-disable-related-posts":"","theme-transparent-header-meta":"default","adv-header-id-meta":"","stick-header-meta":"","header-above-stick-meta":"","header-main-stick-meta":"","header-below-stick-meta":"","astra-migrate-meta-layouts":"set","ast-page-background-enabled":"default","ast-page-background-meta":{"desktop":{"background-color":"","background-image":"","background-repeat":"repeat","background-position":"center center","background-size":"auto","background-attachment":"scroll","background-type":"","background-media":"","overlay-type":"","overlay-color":"","overlay-opacity":"","overlay-gradient":""},"tablet":{"background-color":"","background-image":"","background-repeat":"repeat","background-position":"center center","background-size":"auto","background-attachment":"scroll","background-type":"","background-media":"","overlay-type":"","overlay-color":"","overlay-opacity":"","overlay-gradient":""},"mobile":{"background-color":"","background-image":"","background-repeat":"repeat","background-position":"center center","background-size":"auto","background-attachment":"scroll","background-type":"","background-media":"","overlay-type":"","overlay-color":"","overlay-opacity":"","overlay-gradient":""}},"ast-content-background-meta":{"desktop":{"background-color":"var(--ast-global-color-4)","background-image":"","background-repeat":"repeat","background-position":"center center","background-size":"auto","background-attachment":"scroll","background-type":"","background-media":"","overlay-type":"","overlay-color":"","overlay-opacity":"","overlay-gradient":""},"tablet":{"background-color":"var(--ast-global-color-4)","background-image":"","background-repeat":"repeat","background-position":"center center","background-size":"auto","background-attachment":"scroll","background-type":"","background-media":"","overlay-type":"","overlay-color":"","overlay-opacity":"","overlay-gradient":""},"mobile":{"background-color":"var(--ast-global-color-4)","background-image":"","background-repeat":"repeat","background-position":"center center","background-size":"auto","background-attachment":"scroll","background-type":"","background-media":"","overlay-type":"","overlay-color":"","overlay-opacity":"","overlay-gradient":""}}},"product_brand":[],"product_cat":[33],"product_tag":[],"class_list":{"0":"post-2818","1":"product","2":"type-product","3":"status-publish","4":"has-post-thumbnail","6":"product_cat-fishing-umbrellas-bivvy","7":"desktop-align-left","8":"tablet-align-left","9":"mobile-align-left","11":"first","12":"instock","13":"shipping-taxable","14":"product-type-simple"},"aioseo_notices":[],"uagb_featured_image_src":{"full":["https:\/\/yufengoutdoor.com\/wp-content\/uploads\/2024\/12\/FBB-BROLLY-50-CARP_600x600.jpg.webp",600,600,false],"thumbnail":["https:\/\/yufengoutdoor.com\/wp-content\/uploads\/2024\/12\/FBB-BROLLY-50-CARP_600x600.jpg-150x150.webp",150,150,true],"medium":["https:\/\/yufengoutdoor.com\/wp-content\/uploads\/2024\/12\/FBB-BROLLY-50-CARP_600x600.jpg-300x300.webp",300,300,true],"medium_large":["https:\/\/yufengoutdoor.com\/wp-content\/uploads\/2024\/12\/FBB-BROLLY-50-CARP_600x600.jpg.webp",600,600,false],"large":["https:\/\/yufengoutdoor.com\/wp-content\/uploads\/2024\/12\/FBB-BROLLY-50-CARP_600x600.jpg.webp",600,600,false],"1536x1536":["https:\/\/yufengoutdoor.com\/wp-content\/uploads\/2024\/12\/FBB-BROLLY-50-CARP_600x600.jpg.webp",600,600,false],"2048x2048":["https:\/\/yufengoutdoor.com\/wp-content\/uploads\/2024\/12\/FBB-BROLLY-50-CARP_600x600.jpg.webp",600,600,false],"trp-custom-language-flag":["https:\/\/yufengoutdoor.com\/wp-content\/uploads\/2024\/12\/FBB-BROLLY-50-CARP_600x600.jpg-12x12.webp",12,12,true],"woocommerce_thumbnail":["https:\/\/yufengoutdoor.com\/wp-content\/uploads\/2024\/12\/FBB-BROLLY-50-CARP_600x600.jpg.webp",600,600,false],"woocommerce_single":["https:\/\/yufengoutdoor.com\/wp-content\/uploads\/2024\/12\/FBB-BROLLY-50-CARP_600x600.jpg.webp",600,600,false],"woocommerce_gallery_thumbnail":["https:\/\/yufengoutdoor.com\/wp-content\/uploads\/2024\/12\/FBB-BROLLY-50-CARP_600x600.jpg-100x100.webp",100,100,true]},"uagb_author_info":{"display_name":"jinxing6611@gmail.com","author_link":"https:\/\/yufengoutdoor.com\/de\/author\/"},"uagb_comment_info":0,"uagb_excerpt":"Model : YF-UMS2501 &nbsp; &nbsp; Available Sizes : 300CM\u00a0 Qty\/Outer carton : 4PCS","_links":{"self":[{"href":"https:\/\/yufengoutdoor.com\/de\/wp-json\/wp\/v2\/product\/2818","targetHints":{"allow":["GET"]}}],"collection":[{"href":"https:\/\/yufengoutdoor.com\/de\/wp-json\/wp\/v2\/product"}],"about":[{"href":"https:\/\/yufengoutdoor.com\/de\/wp-json\/wp\/v2\/types\/product"}],"replies":[{"embeddable":true,"href":"https:\/\/yufengoutdoor.com\/de\/wp-json\/wp\/v2\/comments?post=2818"}],"wp:featuredmedia":[{"embeddable":true,"href":"https:\/\/yufengoutdoor.com\/de\/wp-json\/wp\/v2\/media\/2819"}],"wp:attachment":[{"href":"https:\/\/yufengoutdoor.com\/de\/wp-json\/wp\/v2\/media?parent=2818"}],"wp:term":[{"taxonomy":"product_brand","embeddable":true,"href":"https:\/\/yufengoutdoor.com\/de\/wp-json\/wp\/v2\/product_brand?post=2818"},{"taxonomy":"product_cat","embeddable":true,"href":"https:\/\/yufengoutdoor.com\/de\/wp-json\/wp\/v2\/product_cat?post=2818"},{"taxonomy":"product_tag","embeddable":true,"href":"https:\/\/yufengoutdoor.com\/de\/wp-json\/wp\/v2\/product_tag?post=2818"}],"curies":[{"name":"wp","href":"https:\/\/api.w.org\/{rel}","templated":true}]}}