{"id":2928,"date":"2024-12-14T23:45:33","date_gmt":"2024-12-14T23:45:33","guid":{"rendered":"https:\/\/yufengoutdoor.com\/?post_type=product&#038;p=2928"},"modified":"2024-12-15T00:05:50","modified_gmt":"2024-12-15T00:05:50","slug":"rubber-mesh-air-dry-bags","status":"publish","type":"product","link":"https:\/\/yufengoutdoor.com\/de\/produkt\/rubber-mesh-air-dry-bags\/","title":{"rendered":"Gummi-Mesh Air Dry Bags"},"content":{"rendered":"<ul>\n<li>Gummiertes Netz erm\u00f6glicht Luftzirkulation und verhindert Feuchtigkeitsstau<\/li>\n<li>Schnellverschluss zum Aufh\u00e4ngen der Tasche im Baum, zur Befestigung an der Schubkarre usw.<\/li>\n<li>Doppelte Neoprengriffe<\/li>\n<li>Kultiger DPM-Besatz<\/li>\n<li>Erh\u00e4ltlich in den Gr\u00f6\u00dfen 3 kg, 5 kg und 10 kg.<\/li>\n<\/ul>","protected":false},"excerpt":{"rendered":"<h4>YF-ACY2601<\/h4>\n<p>&nbsp;<\/p>\n<p><strong>Produktgr\u00f6\u00dfe \uff1a <\/strong><\/p>\n<p>24*10*24CM - 3KG<\/p>\n<p>26*15*16CM - 5KG<\/p>\n<p>26*20*26CM -1 0KG<\/p>\n<p>&nbsp;<\/p>\n<p>&nbsp;<\/p>","protected":false},"featured_media":2929,"comment_status":"open","ping_status":"closed","template":"","meta":{"_uag_custom_page_level_css":"","site-sidebar-layout":"default","site-content-layout":"","ast-site-content-layout":"default","site-content-style":"default","site-sidebar-style":"default","ast-global-header-display":"","ast-banner-title-visibility":"","ast-main-header-display":"","ast-hfb-above-header-display":"","ast-hfb-below-header-display":"","ast-hfb-mobile-header-display":"","site-post-title":"","ast-breadcrumbs-content":"","ast-featured-img":"","footer-sml-layout":"","ast-disable-related-posts":"","theme-transparent-header-meta":"default","adv-header-id-meta":"","stick-header-meta":"","header-above-stick-meta":"","header-main-stick-meta":"","header-below-stick-meta":"","astra-migrate-meta-layouts":"set","ast-page-background-enabled":"default","ast-page-background-meta":{"desktop":{"background-color":"","background-image":"","background-repeat":"repeat","background-position":"center center","background-size":"auto","background-attachment":"scroll","background-type":"","background-media":"","overlay-type":"","overlay-color":"","overlay-opacity":"","overlay-gradient":""},"tablet":{"background-color":"","background-image":"","background-repeat":"repeat","background-position":"center center","background-size":"auto","background-attachment":"scroll","background-type":"","background-media":"","overlay-type":"","overlay-color":"","overlay-opacity":"","overlay-gradient":""},"mobile":{"background-color":"","background-image":"","background-repeat":"repeat","background-position":"center center","background-size":"auto","background-attachment":"scroll","background-type":"","background-media":"","overlay-type":"","overlay-color":"","overlay-opacity":"","overlay-gradient":""}},"ast-content-background-meta":{"desktop":{"background-color":"var(--ast-global-color-4)","background-image":"","background-repeat":"repeat","background-position":"center center","background-size":"auto","background-attachment":"scroll","background-type":"","background-media":"","overlay-type":"","overlay-color":"","overlay-opacity":"","overlay-gradient":""},"tablet":{"background-color":"var(--ast-global-color-4)","background-image":"","background-repeat":"repeat","background-position":"center center","background-size":"auto","background-attachment":"scroll","background-type":"","background-media":"","overlay-type":"","overlay-color":"","overlay-opacity":"","overlay-gradient":""},"mobile":{"background-color":"var(--ast-global-color-4)","background-image":"","background-repeat":"repeat","background-position":"center center","background-size":"auto","background-attachment":"scroll","background-type":"","background-media":"","overlay-type":"","overlay-color":"","overlay-opacity":"","overlay-gradient":""}}},"product_brand":[],"product_cat":[42],"product_tag":[],"class_list":{"0":"post-2928","1":"product","2":"type-product","3":"status-publish","4":"has-post-thumbnail","6":"product_cat-fishing-accessory-bag","7":"desktop-align-left","8":"tablet-align-left","9":"mobile-align-left","11":"first","12":"instock","13":"shipping-taxable","14":"product-type-simple"},"aioseo_notices":[],"uagb_featured_image_src":{"full":["https:\/\/yufengoutdoor.com\/wp-content\/uploads\/2024\/12\/CUL64_3KGAIRDRYBAG_3_1000x_\u526f\u672c.jpg",1000,666,false],"thumbnail":["https:\/\/yufengoutdoor.com\/wp-content\/uploads\/2024\/12\/CUL64_3KGAIRDRYBAG_3_1000x_\u526f\u672c-150x150.jpg",150,150,true],"medium":["https:\/\/yufengoutdoor.com\/wp-content\/uploads\/2024\/12\/CUL64_3KGAIRDRYBAG_3_1000x_\u526f\u672c-300x200.jpg",300,200,true],"medium_large":["https:\/\/yufengoutdoor.com\/wp-content\/uploads\/2024\/12\/CUL64_3KGAIRDRYBAG_3_1000x_\u526f\u672c-768x511.jpg",768,511,true],"large":["https:\/\/yufengoutdoor.com\/wp-content\/uploads\/2024\/12\/CUL64_3KGAIRDRYBAG_3_1000x_\u526f\u672c.jpg",1000,666,false],"1536x1536":["https:\/\/yufengoutdoor.com\/wp-content\/uploads\/2024\/12\/CUL64_3KGAIRDRYBAG_3_1000x_\u526f\u672c.jpg",1000,666,false],"2048x2048":["https:\/\/yufengoutdoor.com\/wp-content\/uploads\/2024\/12\/CUL64_3KGAIRDRYBAG_3_1000x_\u526f\u672c.jpg",1000,666,false],"trp-custom-language-flag":["https:\/\/yufengoutdoor.com\/wp-content\/uploads\/2024\/12\/CUL64_3KGAIRDRYBAG_3_1000x_\u526f\u672c-18x12.jpg",18,12,true],"woocommerce_thumbnail":["https:\/\/yufengoutdoor.com\/wp-content\/uploads\/2024\/12\/CUL64_3KGAIRDRYBAG_3_1000x_\u526f\u672c.jpg",1000,666,false],"woocommerce_single":["https:\/\/yufengoutdoor.com\/wp-content\/uploads\/2024\/12\/CUL64_3KGAIRDRYBAG_3_1000x_\u526f\u672c.jpg",1000,666,false],"woocommerce_gallery_thumbnail":["https:\/\/yufengoutdoor.com\/wp-content\/uploads\/2024\/12\/CUL64_3KGAIRDRYBAG_3_1000x_\u526f\u672c-100x100.jpg",100,100,true]},"uagb_author_info":{"display_name":"jinxing6611@gmail.com","author_link":"https:\/\/yufengoutdoor.com\/de\/author\/"},"uagb_comment_info":0,"uagb_excerpt":"YF-ACY2601 &nbsp; Product Size \uff1a 24*10*24CM \u00a0- 3KG 26*15*16CM \u00a0- 5KG 26*20*26CM -1 0KG &nbsp; &nbsp;","_links":{"self":[{"href":"https:\/\/yufengoutdoor.com\/de\/wp-json\/wp\/v2\/product\/2928","targetHints":{"allow":["GET"]}}],"collection":[{"href":"https:\/\/yufengoutdoor.com\/de\/wp-json\/wp\/v2\/product"}],"about":[{"href":"https:\/\/yufengoutdoor.com\/de\/wp-json\/wp\/v2\/types\/product"}],"replies":[{"embeddable":true,"href":"https:\/\/yufengoutdoor.com\/de\/wp-json\/wp\/v2\/comments?post=2928"}],"wp:featuredmedia":[{"embeddable":true,"href":"https:\/\/yufengoutdoor.com\/de\/wp-json\/wp\/v2\/media\/2929"}],"wp:attachment":[{"href":"https:\/\/yufengoutdoor.com\/de\/wp-json\/wp\/v2\/media?parent=2928"}],"wp:term":[{"taxonomy":"product_brand","embeddable":true,"href":"https:\/\/yufengoutdoor.com\/de\/wp-json\/wp\/v2\/product_brand?post=2928"},{"taxonomy":"product_cat","embeddable":true,"href":"https:\/\/yufengoutdoor.com\/de\/wp-json\/wp\/v2\/product_cat?post=2928"},{"taxonomy":"product_tag","embeddable":true,"href":"https:\/\/yufengoutdoor.com\/de\/wp-json\/wp\/v2\/product_tag?post=2928"}],"curies":[{"name":"wp","href":"https:\/\/api.w.org\/{rel}","templated":true}]}}