{"id":2958,"date":"2024-12-15T00:35:39","date_gmt":"2024-12-15T00:35:39","guid":{"rendered":"https:\/\/yufengoutdoor.com\/?post_type=product&#038;p=2958"},"modified":"2024-12-15T00:35:39","modified_gmt":"2024-12-15T00:35:39","slug":"heavy-duty-bivvy-bag","status":"publish","type":"product","link":"https:\/\/yufengoutdoor.com\/de\/produkt\/heavy-duty-bivvy-bag\/","title":{"rendered":"Heavy Duty Biwaksack"},"content":{"rendered":"<ul>\n<li>Geeignet f\u00fcr eine breite Palette von 1 und 1 \u00bd-Mann-Unterk\u00fcnften und -Umh\u00fcllungen.<\/li>\n<li>Starker, strapazierf\u00e4higer und abwischbarer, wasserfester PVC-Boden<\/li>\n<li>Strapazierf\u00e4higes 600d DPM Tarngewebe<\/li>\n<li>Ergonomische, stabile Neoprengriffe f\u00fcr den einfachen Transport.<\/li>\n<li>Leicht zug\u00e4ngliche 270-Grad-Rei\u00dfverschluss\u00f6ffnung mit strapazierf\u00e4higen No-10-Rei\u00dfverschl\u00fcssen mit Zugb\u00e4ndern.<\/li>\n<li>Robuste verst\u00e4rkte N\u00e4hte und Haltegriffe am Ende<\/li>\n<\/ul>","protected":false},"excerpt":{"rendered":"<h4>YF-ACY2605<\/h4>\n<p>&nbsp;<\/p>\n<p><strong>Produktgr\u00f6\u00dfe :\u00a0<\/strong><\/p>\n<p>135CM x 30CM x 30CM<\/p>\n<p>150CM x 30CM x 30CM<\/p>","protected":false},"featured_media":2959,"comment_status":"open","ping_status":"closed","template":"","meta":{"_uag_custom_page_level_css":"","site-sidebar-layout":"default","site-content-layout":"","ast-site-content-layout":"default","site-content-style":"default","site-sidebar-style":"default","ast-global-header-display":"","ast-banner-title-visibility":"","ast-main-header-display":"","ast-hfb-above-header-display":"","ast-hfb-below-header-display":"","ast-hfb-mobile-header-display":"","site-post-title":"","ast-breadcrumbs-content":"","ast-featured-img":"","footer-sml-layout":"","ast-disable-related-posts":"","theme-transparent-header-meta":"default","adv-header-id-meta":"","stick-header-meta":"","header-above-stick-meta":"","header-main-stick-meta":"","header-below-stick-meta":"","astra-migrate-meta-layouts":"set","ast-page-background-enabled":"default","ast-page-background-meta":{"desktop":{"background-color":"","background-image":"","background-repeat":"repeat","background-position":"center center","background-size":"auto","background-attachment":"scroll","background-type":"","background-media":"","overlay-type":"","overlay-color":"","overlay-opacity":"","overlay-gradient":""},"tablet":{"background-color":"","background-image":"","background-repeat":"repeat","background-position":"center center","background-size":"auto","background-attachment":"scroll","background-type":"","background-media":"","overlay-type":"","overlay-color":"","overlay-opacity":"","overlay-gradient":""},"mobile":{"background-color":"","background-image":"","background-repeat":"repeat","background-position":"center center","background-size":"auto","background-attachment":"scroll","background-type":"","background-media":"","overlay-type":"","overlay-color":"","overlay-opacity":"","overlay-gradient":""}},"ast-content-background-meta":{"desktop":{"background-color":"var(--ast-global-color-4)","background-image":"","background-repeat":"repeat","background-position":"center center","background-size":"auto","background-attachment":"scroll","background-type":"","background-media":"","overlay-type":"","overlay-color":"","overlay-opacity":"","overlay-gradient":""},"tablet":{"background-color":"var(--ast-global-color-4)","background-image":"","background-repeat":"repeat","background-position":"center center","background-size":"auto","background-attachment":"scroll","background-type":"","background-media":"","overlay-type":"","overlay-color":"","overlay-opacity":"","overlay-gradient":""},"mobile":{"background-color":"var(--ast-global-color-4)","background-image":"","background-repeat":"repeat","background-position":"center center","background-size":"auto","background-attachment":"scroll","background-type":"","background-media":"","overlay-type":"","overlay-color":"","overlay-opacity":"","overlay-gradient":""}}},"product_brand":[],"product_cat":[42],"product_tag":[],"class_list":{"0":"post-2958","1":"product","2":"type-product","3":"status-publish","4":"has-post-thumbnail","6":"product_cat-fishing-accessory-bag","7":"desktop-align-left","8":"tablet-align-left","9":"mobile-align-left","11":"first","12":"instock","13":"shipping-taxable","14":"product-type-simple"},"aioseo_notices":[],"uagb_featured_image_src":{"full":["https:\/\/yufengoutdoor.com\/wp-content\/uploads\/2024\/12\/8b513c0614a5bc52_\u526f\u672c.jpg",600,900,false],"thumbnail":["https:\/\/yufengoutdoor.com\/wp-content\/uploads\/2024\/12\/8b513c0614a5bc52_\u526f\u672c-150x150.jpg",150,150,true],"medium":["https:\/\/yufengoutdoor.com\/wp-content\/uploads\/2024\/12\/8b513c0614a5bc52_\u526f\u672c-200x300.jpg",200,300,true],"medium_large":["https:\/\/yufengoutdoor.com\/wp-content\/uploads\/2024\/12\/8b513c0614a5bc52_\u526f\u672c.jpg",600,900,false],"large":["https:\/\/yufengoutdoor.com\/wp-content\/uploads\/2024\/12\/8b513c0614a5bc52_\u526f\u672c.jpg",600,900,false],"1536x1536":["https:\/\/yufengoutdoor.com\/wp-content\/uploads\/2024\/12\/8b513c0614a5bc52_\u526f\u672c.jpg",600,900,false],"2048x2048":["https:\/\/yufengoutdoor.com\/wp-content\/uploads\/2024\/12\/8b513c0614a5bc52_\u526f\u672c.jpg",600,900,false],"trp-custom-language-flag":["https:\/\/yufengoutdoor.com\/wp-content\/uploads\/2024\/12\/8b513c0614a5bc52_\u526f\u672c-8x12.jpg",8,12,true],"woocommerce_thumbnail":["https:\/\/yufengoutdoor.com\/wp-content\/uploads\/2024\/12\/8b513c0614a5bc52_\u526f\u672c.jpg",600,900,false],"woocommerce_single":["https:\/\/yufengoutdoor.com\/wp-content\/uploads\/2024\/12\/8b513c0614a5bc52_\u526f\u672c.jpg",600,900,false],"woocommerce_gallery_thumbnail":["https:\/\/yufengoutdoor.com\/wp-content\/uploads\/2024\/12\/8b513c0614a5bc52_\u526f\u672c-100x100.jpg",100,100,true]},"uagb_author_info":{"display_name":"jinxing6611@gmail.com","author_link":"https:\/\/yufengoutdoor.com\/de\/author\/"},"uagb_comment_info":0,"uagb_excerpt":"YF-ACY2605 &nbsp; Product size :\u00a0 135CM x 30CM x 30CM 150CM x 30CM x 30CM","_links":{"self":[{"href":"https:\/\/yufengoutdoor.com\/de\/wp-json\/wp\/v2\/product\/2958","targetHints":{"allow":["GET"]}}],"collection":[{"href":"https:\/\/yufengoutdoor.com\/de\/wp-json\/wp\/v2\/product"}],"about":[{"href":"https:\/\/yufengoutdoor.com\/de\/wp-json\/wp\/v2\/types\/product"}],"replies":[{"embeddable":true,"href":"https:\/\/yufengoutdoor.com\/de\/wp-json\/wp\/v2\/comments?post=2958"}],"wp:featuredmedia":[{"embeddable":true,"href":"https:\/\/yufengoutdoor.com\/de\/wp-json\/wp\/v2\/media\/2959"}],"wp:attachment":[{"href":"https:\/\/yufengoutdoor.com\/de\/wp-json\/wp\/v2\/media?parent=2958"}],"wp:term":[{"taxonomy":"product_brand","embeddable":true,"href":"https:\/\/yufengoutdoor.com\/de\/wp-json\/wp\/v2\/product_brand?post=2958"},{"taxonomy":"product_cat","embeddable":true,"href":"https:\/\/yufengoutdoor.com\/de\/wp-json\/wp\/v2\/product_cat?post=2958"},{"taxonomy":"product_tag","embeddable":true,"href":"https:\/\/yufengoutdoor.com\/de\/wp-json\/wp\/v2\/product_tag?post=2958"}],"curies":[{"name":"wp","href":"https:\/\/api.w.org\/{rel}","templated":true}]}}