{"id":3126,"date":"2024-12-16T09:05:41","date_gmt":"2024-12-16T09:05:41","guid":{"rendered":"https:\/\/yufengoutdoor.com\/?post_type=product&#038;p=3126"},"modified":"2024-12-16T09:05:41","modified_gmt":"2024-12-16T09:05:41","slug":"high-quality-600d-pvc-waterproof-material-carryall","status":"publish","type":"product","link":"https:\/\/yufengoutdoor.com\/de\/produkt\/high-quality-600d-pvc-waterproof-material-carryall\/","title":{"rendered":"Hochwertiges 600D PVC wasserdichtes Material Carryall"},"content":{"rendered":"<p>&nbsp;<\/p>\n<ul>\n<li class=\"a-spacing-mini\"><span class=\"a-list-item\">WASSERBEST\u00c4NDIG - Ein Angelausflug kann ziemlich nass werden, und unsere Angels\u00e4cke sind aus wasserfesten Materialien hergestellt, um Wasser zu widerstehen, ohne Schaden zu nehmen. Die wasserdichten Materialien erm\u00f6glichen es, trocken zu bleiben, auch wenn sie auf nassen Oberfl\u00e4chen aufbewahrt werden (nicht f\u00fcr das Untertauchen bestimmt). <\/span><\/li>\n<li class=\"a-spacing-mini\"><span class=\"a-list-item\">HOHE QUALIT\u00c4T - Die Salzwasser-Tackle-Tasche ist aus hochwertigem, wasserdichtem 1000D-PVC-Material gefertigt, das sie langlebig, bequem und wasserfest macht. Dies macht sie zum perfekten Begleiter und Stauraum f\u00fcr Ihre Angelausfl\u00fcge <\/span><\/li>\n<li class=\"a-spacing-mini\"><span class=\"a-list-item\">MAXIMALE LAGERUNG &amp; KAPAZIT\u00c4T - Die Angeltaschen sind mit mehreren Taschen und F\u00e4chern ausgestattet, die ger\u00e4umigen Stauraum f\u00fcr Ihre Angelkisten bieten. Herausnehmbare Trennw\u00e4nde erm\u00f6glichen es Ihnen, Ihre Angelausr\u00fcstung so zu organisieren, wie Sie es w\u00fcnschen. <\/span><\/li>\n<li class=\"a-spacing-mini\"><span class=\"a-list-item\">EINFACH ZU TRAGEN - Die wasserdichte Angeltasche ist so konzipiert, dass sie jederzeit maximalen Komfort bietet. Mehrere Riemen machen es einfach, die Tasche effizient zu tragen, so dass Sie verschiedene M\u00f6glichkeiten haben, die Umh\u00e4ngetasche zu transportieren.<\/span><\/li>\n<\/ul>","protected":false},"excerpt":{"rendered":"<h4>YF-CAR2509 S \/M \/L \/ XL<\/h4>\n<p>&nbsp;<\/p>\n<p><strong>Produktgr\u00f6\u00dfe : \u00a0<\/strong><\/p>\n<p>XL : 27\u2033*16\u2033*14.5\u2033<\/p>\n<p>L: 21\u2033*15\u2033*11.5\u2033<\/p>\n<p>M: 16\u2033*12.5\u2033*10.5\u2033<\/p>\n<p>S: 15\u2033*11\u2033*8.5\u2033<\/p>\n<p>&nbsp;<\/p>","protected":false},"featured_media":3128,"comment_status":"open","ping_status":"closed","template":"","meta":{"_uag_custom_page_level_css":"","site-sidebar-layout":"default","site-content-layout":"","ast-site-content-layout":"default","site-content-style":"default","site-sidebar-style":"default","ast-global-header-display":"","ast-banner-title-visibility":"","ast-main-header-display":"","ast-hfb-above-header-display":"","ast-hfb-below-header-display":"","ast-hfb-mobile-header-display":"","site-post-title":"","ast-breadcrumbs-content":"","ast-featured-img":"","footer-sml-layout":"","ast-disable-related-posts":"","theme-transparent-header-meta":"default","adv-header-id-meta":"","stick-header-meta":"","header-above-stick-meta":"","header-main-stick-meta":"","header-below-stick-meta":"","astra-migrate-meta-layouts":"set","ast-page-background-enabled":"default","ast-page-background-meta":{"desktop":{"background-color":"","background-image":"","background-repeat":"repeat","background-position":"center center","background-size":"auto","background-attachment":"scroll","background-type":"","background-media":"","overlay-type":"","overlay-color":"","overlay-opacity":"","overlay-gradient":""},"tablet":{"background-color":"","background-image":"","background-repeat":"repeat","background-position":"center center","background-size":"auto","background-attachment":"scroll","background-type":"","background-media":"","overlay-type":"","overlay-color":"","overlay-opacity":"","overlay-gradient":""},"mobile":{"background-color":"","background-image":"","background-repeat":"repeat","background-position":"center center","background-size":"auto","background-attachment":"scroll","background-type":"","background-media":"","overlay-type":"","overlay-color":"","overlay-opacity":"","overlay-gradient":""}},"ast-content-background-meta":{"desktop":{"background-color":"var(--ast-global-color-4)","background-image":"","background-repeat":"repeat","background-position":"center center","background-size":"auto","background-attachment":"scroll","background-type":"","background-media":"","overlay-type":"","overlay-color":"","overlay-opacity":"","overlay-gradient":""},"tablet":{"background-color":"var(--ast-global-color-4)","background-image":"","background-repeat":"repeat","background-position":"center center","background-size":"auto","background-attachment":"scroll","background-type":"","background-media":"","overlay-type":"","overlay-color":"","overlay-opacity":"","overlay-gradient":""},"mobile":{"background-color":"var(--ast-global-color-4)","background-image":"","background-repeat":"repeat","background-position":"center center","background-size":"auto","background-attachment":"scroll","background-type":"","background-media":"","overlay-type":"","overlay-color":"","overlay-opacity":"","overlay-gradient":""}}},"product_brand":[],"product_cat":[48],"product_tag":[],"class_list":{"0":"post-3126","1":"product","2":"type-product","3":"status-publish","4":"has-post-thumbnail","6":"product_cat-fishing-carryall-bag","7":"desktop-align-left","8":"tablet-align-left","9":"mobile-align-left","11":"first","12":"instock","13":"shipping-taxable","14":"product-type-simple"},"aioseo_notices":[],"uagb_featured_image_src":{"full":["https:\/\/yufengoutdoor.com\/wp-content\/uploads\/2024\/12\/917bFUKX-AL._AC_SL1500__\u526f\u672c.jpg",1470,1500,false],"thumbnail":["https:\/\/yufengoutdoor.com\/wp-content\/uploads\/2024\/12\/917bFUKX-AL._AC_SL1500__\u526f\u672c-150x150.jpg",150,150,true],"medium":["https:\/\/yufengoutdoor.com\/wp-content\/uploads\/2024\/12\/917bFUKX-AL._AC_SL1500__\u526f\u672c-294x300.jpg",294,300,true],"medium_large":["https:\/\/yufengoutdoor.com\/wp-content\/uploads\/2024\/12\/917bFUKX-AL._AC_SL1500__\u526f\u672c-768x784.jpg",768,784,true],"large":["https:\/\/yufengoutdoor.com\/wp-content\/uploads\/2024\/12\/917bFUKX-AL._AC_SL1500__\u526f\u672c-1004x1024.jpg",1004,1024,true],"1536x1536":["https:\/\/yufengoutdoor.com\/wp-content\/uploads\/2024\/12\/917bFUKX-AL._AC_SL1500__\u526f\u672c.jpg",1470,1500,false],"2048x2048":["https:\/\/yufengoutdoor.com\/wp-content\/uploads\/2024\/12\/917bFUKX-AL._AC_SL1500__\u526f\u672c.jpg",1470,1500,false],"trp-custom-language-flag":["https:\/\/yufengoutdoor.com\/wp-content\/uploads\/2024\/12\/917bFUKX-AL._AC_SL1500__\u526f\u672c-12x12.jpg",12,12,true],"woocommerce_thumbnail":["https:\/\/yufengoutdoor.com\/wp-content\/uploads\/2024\/12\/917bFUKX-AL._AC_SL1500__\u526f\u672c-1200x1200.jpg",1200,1200,true],"woocommerce_single":["https:\/\/yufengoutdoor.com\/wp-content\/uploads\/2024\/12\/917bFUKX-AL._AC_SL1500__\u526f\u672c-1200x1224.jpg",1200,1224,true],"woocommerce_gallery_thumbnail":["https:\/\/yufengoutdoor.com\/wp-content\/uploads\/2024\/12\/917bFUKX-AL._AC_SL1500__\u526f\u672c-100x100.jpg",100,100,true]},"uagb_author_info":{"display_name":"jinxing6611@gmail.com","author_link":"https:\/\/yufengoutdoor.com\/de\/author\/"},"uagb_comment_info":0,"uagb_excerpt":"YF-CAR2509 S \/M \/L \/ XL &nbsp; Product size : \u00a0 XL : 27\"*16\"*14.5\" L: 21\"*15\"*11.5\" M: 16\"*12.5\"*10.5\" S: 15\"*11\"*8.5\" &nbsp;","_links":{"self":[{"href":"https:\/\/yufengoutdoor.com\/de\/wp-json\/wp\/v2\/product\/3126","targetHints":{"allow":["GET"]}}],"collection":[{"href":"https:\/\/yufengoutdoor.com\/de\/wp-json\/wp\/v2\/product"}],"about":[{"href":"https:\/\/yufengoutdoor.com\/de\/wp-json\/wp\/v2\/types\/product"}],"replies":[{"embeddable":true,"href":"https:\/\/yufengoutdoor.com\/de\/wp-json\/wp\/v2\/comments?post=3126"}],"wp:featuredmedia":[{"embeddable":true,"href":"https:\/\/yufengoutdoor.com\/de\/wp-json\/wp\/v2\/media\/3128"}],"wp:attachment":[{"href":"https:\/\/yufengoutdoor.com\/de\/wp-json\/wp\/v2\/media?parent=3126"}],"wp:term":[{"taxonomy":"product_brand","embeddable":true,"href":"https:\/\/yufengoutdoor.com\/de\/wp-json\/wp\/v2\/product_brand?post=3126"},{"taxonomy":"product_cat","embeddable":true,"href":"https:\/\/yufengoutdoor.com\/de\/wp-json\/wp\/v2\/product_cat?post=3126"},{"taxonomy":"product_tag","embeddable":true,"href":"https:\/\/yufengoutdoor.com\/de\/wp-json\/wp\/v2\/product_tag?post=3126"}],"curies":[{"name":"wp","href":"https:\/\/api.w.org\/{rel}","templated":true}]}}