{"id":3379,"date":"2024-12-19T03:42:33","date_gmt":"2024-12-19T03:42:33","guid":{"rendered":"https:\/\/yufengoutdoor.com\/?post_type=product&#038;p=3379"},"modified":"2024-12-19T03:42:33","modified_gmt":"2024-12-19T03:42:33","slug":"compact-bait-service-set","status":"publish","type":"product","link":"https:\/\/yufengoutdoor.com\/de\/produkt\/compact-bait-service-set\/","title":{"rendered":"Kompaktes K\u00f6der-Service-Set"},"content":{"rendered":"<p>Im Gegensatz zu anderen \u00e4hnlichen Produkten, die gro\u00df und sperrig sind, haben wir eine Abneigung entwickelt, die weggepackt werden kann und immer noch 2 St\u00fcck K\u00f6derbecher der Gr\u00f6\u00dfe S und 2 St\u00fcck K\u00f6derbecher der Gr\u00f6\u00dfe L enth\u00e4lt.(Der K\u00f6derbecher der Gr\u00f6\u00dfe S fasst 600 ml und der K\u00f6derbecher der Gr\u00f6\u00dfe L fasst 1 600 ml. Das Set enth\u00e4lt 1 St\u00fcck K\u00f6derbecher der Gr\u00f6\u00dfe S und 7 St\u00fcck K\u00f6derbecher der Gr\u00f6\u00dfe L)<\/p>\n<p>Im Gegensatz zu anderen \u00e4hnlichen Produkten, die gro\u00df und sperrig sind, haben wir eine Abneigung entwickelt, die weggepackt werden kann und trotzdem 4 St\u00fcck K\u00f6derwannen der Gr\u00f6\u00dfe L enth\u00e4lt (K\u00f6derwannen der Gr\u00f6\u00dfe L fassen 1600ml. Das Set enth\u00e4lt 2 K\u00f6derwannen der Gr\u00f6\u00dfe L).<\/p>\n<p>&nbsp;<\/p>\n<p>&nbsp;<\/p>","protected":false},"excerpt":{"rendered":"<h4>YF-LEJ44565-S \/ 44595 - M<\/h4>\n<p>&nbsp;<\/p>\n<p>&nbsp;<\/p>","protected":false},"featured_media":3380,"comment_status":"open","ping_status":"closed","template":"","meta":{"_uag_custom_page_level_css":"","site-sidebar-layout":"default","site-content-layout":"","ast-site-content-layout":"default","site-content-style":"default","site-sidebar-style":"default","ast-global-header-display":"","ast-banner-title-visibility":"","ast-main-header-display":"","ast-hfb-above-header-display":"","ast-hfb-below-header-display":"","ast-hfb-mobile-header-display":"","site-post-title":"","ast-breadcrumbs-content":"","ast-featured-img":"","footer-sml-layout":"","ast-disable-related-posts":"","theme-transparent-header-meta":"default","adv-header-id-meta":"","stick-header-meta":"","header-above-stick-meta":"","header-main-stick-meta":"","header-below-stick-meta":"","astra-migrate-meta-layouts":"set","ast-page-background-enabled":"default","ast-page-background-meta":{"desktop":{"background-color":"","background-image":"","background-repeat":"repeat","background-position":"center center","background-size":"auto","background-attachment":"scroll","background-type":"","background-media":"","overlay-type":"","overlay-color":"","overlay-opacity":"","overlay-gradient":""},"tablet":{"background-color":"","background-image":"","background-repeat":"repeat","background-position":"center center","background-size":"auto","background-attachment":"scroll","background-type":"","background-media":"","overlay-type":"","overlay-color":"","overlay-opacity":"","overlay-gradient":""},"mobile":{"background-color":"","background-image":"","background-repeat":"repeat","background-position":"center center","background-size":"auto","background-attachment":"scroll","background-type":"","background-media":"","overlay-type":"","overlay-color":"","overlay-opacity":"","overlay-gradient":""}},"ast-content-background-meta":{"desktop":{"background-color":"var(--ast-global-color-4)","background-image":"","background-repeat":"repeat","background-position":"center center","background-size":"auto","background-attachment":"scroll","background-type":"","background-media":"","overlay-type":"","overlay-color":"","overlay-opacity":"","overlay-gradient":""},"tablet":{"background-color":"var(--ast-global-color-4)","background-image":"","background-repeat":"repeat","background-position":"center center","background-size":"auto","background-attachment":"scroll","background-type":"","background-media":"","overlay-type":"","overlay-color":"","overlay-opacity":"","overlay-gradient":""},"mobile":{"background-color":"var(--ast-global-color-4)","background-image":"","background-repeat":"repeat","background-position":"center center","background-size":"auto","background-attachment":"scroll","background-type":"","background-media":"","overlay-type":"","overlay-color":"","overlay-opacity":"","overlay-gradient":""}}},"product_brand":[],"product_cat":[56],"product_tag":[],"class_list":{"0":"post-3379","1":"product","2":"type-product","3":"status-publish","4":"has-post-thumbnail","6":"product_cat-plastic-boxes","7":"desktop-align-left","8":"tablet-align-left","9":"mobile-align-left","11":"first","12":"instock","13":"shipping-taxable","14":"product-type-simple"},"aioseo_notices":[],"uagb_featured_image_src":{"full":["https:\/\/yufengoutdoor.com\/wp-content\/uploads\/2024\/12\/WechatIMG834.png",2048,2048,false],"thumbnail":["https:\/\/yufengoutdoor.com\/wp-content\/uploads\/2024\/12\/WechatIMG834-150x150.png",150,150,true],"medium":["https:\/\/yufengoutdoor.com\/wp-content\/uploads\/2024\/12\/WechatIMG834-300x300.png",300,300,true],"medium_large":["https:\/\/yufengoutdoor.com\/wp-content\/uploads\/2024\/12\/WechatIMG834-768x768.png",768,768,true],"large":["https:\/\/yufengoutdoor.com\/wp-content\/uploads\/2024\/12\/WechatIMG834-1024x1024.png",1024,1024,true],"1536x1536":["https:\/\/yufengoutdoor.com\/wp-content\/uploads\/2024\/12\/WechatIMG834-1536x1536.png",1536,1536,true],"2048x2048":["https:\/\/yufengoutdoor.com\/wp-content\/uploads\/2024\/12\/WechatIMG834.png",2048,2048,false],"trp-custom-language-flag":["https:\/\/yufengoutdoor.com\/wp-content\/uploads\/2024\/12\/WechatIMG834-12x12.png",12,12,true],"woocommerce_thumbnail":["https:\/\/yufengoutdoor.com\/wp-content\/uploads\/2024\/12\/WechatIMG834-1200x1200.png",1200,1200,true],"woocommerce_single":["https:\/\/yufengoutdoor.com\/wp-content\/uploads\/2024\/12\/WechatIMG834-1200x1200.png",1200,1200,true],"woocommerce_gallery_thumbnail":["https:\/\/yufengoutdoor.com\/wp-content\/uploads\/2024\/12\/WechatIMG834-100x100.png",100,100,true]},"uagb_author_info":{"display_name":"jinxing6611@gmail.com","author_link":"https:\/\/yufengoutdoor.com\/de\/author\/"},"uagb_comment_info":0,"uagb_excerpt":"YF-LEJ44565-S \/ 44595 - M &nbsp; &nbsp;","_links":{"self":[{"href":"https:\/\/yufengoutdoor.com\/de\/wp-json\/wp\/v2\/product\/3379","targetHints":{"allow":["GET"]}}],"collection":[{"href":"https:\/\/yufengoutdoor.com\/de\/wp-json\/wp\/v2\/product"}],"about":[{"href":"https:\/\/yufengoutdoor.com\/de\/wp-json\/wp\/v2\/types\/product"}],"replies":[{"embeddable":true,"href":"https:\/\/yufengoutdoor.com\/de\/wp-json\/wp\/v2\/comments?post=3379"}],"wp:featuredmedia":[{"embeddable":true,"href":"https:\/\/yufengoutdoor.com\/de\/wp-json\/wp\/v2\/media\/3380"}],"wp:attachment":[{"href":"https:\/\/yufengoutdoor.com\/de\/wp-json\/wp\/v2\/media?parent=3379"}],"wp:term":[{"taxonomy":"product_brand","embeddable":true,"href":"https:\/\/yufengoutdoor.com\/de\/wp-json\/wp\/v2\/product_brand?post=3379"},{"taxonomy":"product_cat","embeddable":true,"href":"https:\/\/yufengoutdoor.com\/de\/wp-json\/wp\/v2\/product_cat?post=3379"},{"taxonomy":"product_tag","embeddable":true,"href":"https:\/\/yufengoutdoor.com\/de\/wp-json\/wp\/v2\/product_tag?post=3379"}],"curies":[{"name":"wp","href":"https:\/\/api.w.org\/{rel}","templated":true}]}}