{"id":2801,"date":"2024-12-13T05:36:15","date_gmt":"2024-12-13T05:36:15","guid":{"rendered":"https:\/\/yufengoutdoor.com\/?post_type=product&#038;p=2801"},"modified":"2024-12-13T05:36:16","modified_gmt":"2024-12-13T05:36:16","slug":"umbrella-45-50%e2%80%b3-with-3-4-sides-45-90-tilt-function","status":"publish","type":"product","link":"https:\/\/yufengoutdoor.com\/es\/producto\/umbrella-45-50%e2%80%b3-with-3-4-sides-45-90-tilt-function\/","title":{"rendered":"Paraguas - 45\/50\u2033 con laterales 3\/4, funci\u00f3n de inclinaci\u00f3n 45\/90"},"content":{"rendered":"<div><strong>45\u2033\/50\u2033 CON LATERALES (CARPA 3\/4)<\/strong><\/div>\n<div><strong>2 * Ventanas de PVC transparente 28*28cm<\/strong><\/div>\n<div><strong>PROFUNDIDAD DE LA PARED A 130 CM<\/strong><\/div>\n<div><strong>TEJIDO 210T\/210D\u00a0<\/strong><\/div>\n<div><strong>Costuras de cinta impermeable\u00a0<\/strong><\/div>\n<div><strong>3,8 mm - 4,2 mm MARCO DE ACERO Y POSTE DE ABAJO (PINTURA NEGRA)<\/strong><\/div>\n<div><strong>inclinaci\u00f3n de 45\/90 grados<\/strong><\/div>\n<div><strong>P\u00c9RTIGA DE 90 CM CON PUNTA MET\u00c1LICA EST\u00c1NDAR<\/strong><\/div>\n<div><strong>SE SUMINISTRA CON 8 PEGAS EN L Y 2 CUERDAS DE 5mGUY<\/strong><\/div>\n<div><strong>BOLSA DE TRANSPORTE 210T\/210D PARA LOS LATERALES<\/strong><\/div>\n<div><strong>210T\/210D BOLSA DE TRANSPORTE PARA BROLLY<\/strong><\/div>\n<div><strong>EMBALAJE CON ETIQUETA COLGANTE<\/strong><\/div>","protected":false},"excerpt":{"rendered":"<h4><strong>Modelo : YF-UM2105 \/ UM2106<\/strong><\/h4>\n<p>&nbsp;<\/p>\n<p>&nbsp;<\/p>\n<p><strong>Tama\u00f1os disponibles : 220CM , 250CM\u00a0<\/strong><\/p>\n<p><strong>Cantidad\/Caja exterior : 6PCS\u00a0<\/strong><\/p>","protected":false},"featured_media":2802,"comment_status":"open","ping_status":"closed","template":"","meta":{"_uag_custom_page_level_css":"","site-sidebar-layout":"default","site-content-layout":"","ast-site-content-layout":"default","site-content-style":"default","site-sidebar-style":"default","ast-global-header-display":"","ast-banner-title-visibility":"","ast-main-header-display":"","ast-hfb-above-header-display":"","ast-hfb-below-header-display":"","ast-hfb-mobile-header-display":"","site-post-title":"","ast-breadcrumbs-content":"","ast-featured-img":"","footer-sml-layout":"","ast-disable-related-posts":"","theme-transparent-header-meta":"default","adv-header-id-meta":"","stick-header-meta":"","header-above-stick-meta":"","header-main-stick-meta":"","header-below-stick-meta":"","astra-migrate-meta-layouts":"set","ast-page-background-enabled":"default","ast-page-background-meta":{"desktop":{"background-color":"","background-image":"","background-repeat":"repeat","background-position":"center center","background-size":"auto","background-attachment":"scroll","background-type":"","background-media":"","overlay-type":"","overlay-color":"","overlay-opacity":"","overlay-gradient":""},"tablet":{"background-color":"","background-image":"","background-repeat":"repeat","background-position":"center center","background-size":"auto","background-attachment":"scroll","background-type":"","background-media":"","overlay-type":"","overlay-color":"","overlay-opacity":"","overlay-gradient":""},"mobile":{"background-color":"","background-image":"","background-repeat":"repeat","background-position":"center center","background-size":"auto","background-attachment":"scroll","background-type":"","background-media":"","overlay-type":"","overlay-color":"","overlay-opacity":"","overlay-gradient":""}},"ast-content-background-meta":{"desktop":{"background-color":"var(--ast-global-color-4)","background-image":"","background-repeat":"repeat","background-position":"center center","background-size":"auto","background-attachment":"scroll","background-type":"","background-media":"","overlay-type":"","overlay-color":"","overlay-opacity":"","overlay-gradient":""},"tablet":{"background-color":"var(--ast-global-color-4)","background-image":"","background-repeat":"repeat","background-position":"center center","background-size":"auto","background-attachment":"scroll","background-type":"","background-media":"","overlay-type":"","overlay-color":"","overlay-opacity":"","overlay-gradient":""},"mobile":{"background-color":"var(--ast-global-color-4)","background-image":"","background-repeat":"repeat","background-position":"center center","background-size":"auto","background-attachment":"scroll","background-type":"","background-media":"","overlay-type":"","overlay-color":"","overlay-opacity":"","overlay-gradient":""}}},"product_brand":[],"product_cat":[33],"product_tag":[],"class_list":{"0":"post-2801","1":"product","2":"type-product","3":"status-publish","4":"has-post-thumbnail","6":"product_cat-fishing-umbrellas-bivvy","7":"desktop-align-left","8":"tablet-align-left","9":"mobile-align-left","11":"first","12":"instock","13":"shipping-taxable","14":"product-type-simple"},"aioseo_notices":[],"uagb_featured_image_src":{"full":["https:\/\/yufengoutdoor.com\/wp-content\/uploads\/2024\/12\/\u622a\u5c4f2024-12-13-13.29.57_\u526f\u672c.png",1708,1508,false],"thumbnail":["https:\/\/yufengoutdoor.com\/wp-content\/uploads\/2024\/12\/\u622a\u5c4f2024-12-13-13.29.57_\u526f\u672c-150x150.png",150,150,true],"medium":["https:\/\/yufengoutdoor.com\/wp-content\/uploads\/2024\/12\/\u622a\u5c4f2024-12-13-13.29.57_\u526f\u672c-300x265.png",300,265,true],"medium_large":["https:\/\/yufengoutdoor.com\/wp-content\/uploads\/2024\/12\/\u622a\u5c4f2024-12-13-13.29.57_\u526f\u672c-768x678.png",768,678,true],"large":["https:\/\/yufengoutdoor.com\/wp-content\/uploads\/2024\/12\/\u622a\u5c4f2024-12-13-13.29.57_\u526f\u672c-1024x904.png",1024,904,true],"1536x1536":["https:\/\/yufengoutdoor.com\/wp-content\/uploads\/2024\/12\/\u622a\u5c4f2024-12-13-13.29.57_\u526f\u672c-1536x1356.png",1536,1356,true],"2048x2048":["https:\/\/yufengoutdoor.com\/wp-content\/uploads\/2024\/12\/\u622a\u5c4f2024-12-13-13.29.57_\u526f\u672c.png",1708,1508,false],"trp-custom-language-flag":["https:\/\/yufengoutdoor.com\/wp-content\/uploads\/2024\/12\/\u622a\u5c4f2024-12-13-13.29.57_\u526f\u672c-14x12.png",14,12,true],"woocommerce_thumbnail":["https:\/\/yufengoutdoor.com\/wp-content\/uploads\/2024\/12\/\u622a\u5c4f2024-12-13-13.29.57_\u526f\u672c-1200x1200.png",1200,1200,true],"woocommerce_single":["https:\/\/yufengoutdoor.com\/wp-content\/uploads\/2024\/12\/\u622a\u5c4f2024-12-13-13.29.57_\u526f\u672c-1200x1059.png",1200,1059,true],"woocommerce_gallery_thumbnail":["https:\/\/yufengoutdoor.com\/wp-content\/uploads\/2024\/12\/\u622a\u5c4f2024-12-13-13.29.57_\u526f\u672c-100x100.png",100,100,true]},"uagb_author_info":{"display_name":"jinxing6611@gmail.com","author_link":"https:\/\/yufengoutdoor.com\/es\/author\/"},"uagb_comment_info":0,"uagb_excerpt":"Model : YF-UM2105 \/ UM2106 &nbsp; &nbsp; Available Sizes : 220CM , 250CM\u00a0 Qty\/Outer carton : 6PCS\u00a0","_links":{"self":[{"href":"https:\/\/yufengoutdoor.com\/es\/wp-json\/wp\/v2\/product\/2801","targetHints":{"allow":["GET"]}}],"collection":[{"href":"https:\/\/yufengoutdoor.com\/es\/wp-json\/wp\/v2\/product"}],"about":[{"href":"https:\/\/yufengoutdoor.com\/es\/wp-json\/wp\/v2\/types\/product"}],"replies":[{"embeddable":true,"href":"https:\/\/yufengoutdoor.com\/es\/wp-json\/wp\/v2\/comments?post=2801"}],"wp:featuredmedia":[{"embeddable":true,"href":"https:\/\/yufengoutdoor.com\/es\/wp-json\/wp\/v2\/media\/2802"}],"wp:attachment":[{"href":"https:\/\/yufengoutdoor.com\/es\/wp-json\/wp\/v2\/media?parent=2801"}],"wp:term":[{"taxonomy":"product_brand","embeddable":true,"href":"https:\/\/yufengoutdoor.com\/es\/wp-json\/wp\/v2\/product_brand?post=2801"},{"taxonomy":"product_cat","embeddable":true,"href":"https:\/\/yufengoutdoor.com\/es\/wp-json\/wp\/v2\/product_cat?post=2801"},{"taxonomy":"product_tag","embeddable":true,"href":"https:\/\/yufengoutdoor.com\/es\/wp-json\/wp\/v2\/product_tag?post=2801"}],"curies":[{"name":"wp","href":"https:\/\/api.w.org\/{rel}","templated":true}]}}