{"id":2804,"date":"2024-12-13T06:18:06","date_gmt":"2024-12-13T06:18:06","guid":{"rendered":"https:\/\/yufengoutdoor.com\/?post_type=product&#038;p=2804"},"modified":"2024-12-13T06:18:06","modified_gmt":"2024-12-13T06:18:06","slug":"45-50-black-match-brolly-with-taped-seams-and-nylon-case","status":"publish","type":"product","link":"https:\/\/yufengoutdoor.com\/es\/producto\/45-50-black-match-brolly-with-taped-seams-and-nylon-case\/","title":{"rendered":"45\/50\u2033 Match Brolly negro con costuras selladas y funda de nailon"},"content":{"rendered":"<div>BROLLY MATCH NEGRO DE 50\u2033 CON FUNCI\u00d3N NUBROLLI:<\/div>\n<div>TEJIDO 210D - NEGRO<\/div>\n<div>COSTURAS PEGADAS<\/div>\n<div>ARMAZ\u00d3N Y M\u00c1STIL DE ACERO DE 4,2 MM (PINTURA NEGRA)<\/div>\n<div>NUBROLLI TILT<\/div>\n<div>P\u00c9RTIGA DE 90 CM CON PUNTA MET\u00c1LICA EST\u00c1NDAR<\/div>\n<div>EMBALAJE CON FUNDA 210D<\/div>","protected":false},"excerpt":{"rendered":"<h4><strong>Modelo : YF-UM2107 \/ UM2108<\/strong><\/h4>\n<p>&nbsp;<\/p>\n<p>&nbsp;<\/p>\n<p><strong>Tama\u00f1os disponibles : 220CM , 250CM\u00a0<\/strong><\/p>\n<p><strong>Cantidad\/Caja exterior : 6PCS\u00a0<\/strong><\/p>","protected":false},"featured_media":2805,"comment_status":"open","ping_status":"closed","template":"","meta":{"_uag_custom_page_level_css":"","site-sidebar-layout":"default","site-content-layout":"","ast-site-content-layout":"default","site-content-style":"default","site-sidebar-style":"default","ast-global-header-display":"","ast-banner-title-visibility":"","ast-main-header-display":"","ast-hfb-above-header-display":"","ast-hfb-below-header-display":"","ast-hfb-mobile-header-display":"","site-post-title":"","ast-breadcrumbs-content":"","ast-featured-img":"","footer-sml-layout":"","ast-disable-related-posts":"","theme-transparent-header-meta":"default","adv-header-id-meta":"","stick-header-meta":"","header-above-stick-meta":"","header-main-stick-meta":"","header-below-stick-meta":"","astra-migrate-meta-layouts":"set","ast-page-background-enabled":"default","ast-page-background-meta":{"desktop":{"background-color":"","background-image":"","background-repeat":"repeat","background-position":"center center","background-size":"auto","background-attachment":"scroll","background-type":"","background-media":"","overlay-type":"","overlay-color":"","overlay-opacity":"","overlay-gradient":""},"tablet":{"background-color":"","background-image":"","background-repeat":"repeat","background-position":"center center","background-size":"auto","background-attachment":"scroll","background-type":"","background-media":"","overlay-type":"","overlay-color":"","overlay-opacity":"","overlay-gradient":""},"mobile":{"background-color":"","background-image":"","background-repeat":"repeat","background-position":"center center","background-size":"auto","background-attachment":"scroll","background-type":"","background-media":"","overlay-type":"","overlay-color":"","overlay-opacity":"","overlay-gradient":""}},"ast-content-background-meta":{"desktop":{"background-color":"var(--ast-global-color-4)","background-image":"","background-repeat":"repeat","background-position":"center center","background-size":"auto","background-attachment":"scroll","background-type":"","background-media":"","overlay-type":"","overlay-color":"","overlay-opacity":"","overlay-gradient":""},"tablet":{"background-color":"var(--ast-global-color-4)","background-image":"","background-repeat":"repeat","background-position":"center center","background-size":"auto","background-attachment":"scroll","background-type":"","background-media":"","overlay-type":"","overlay-color":"","overlay-opacity":"","overlay-gradient":""},"mobile":{"background-color":"var(--ast-global-color-4)","background-image":"","background-repeat":"repeat","background-position":"center center","background-size":"auto","background-attachment":"scroll","background-type":"","background-media":"","overlay-type":"","overlay-color":"","overlay-opacity":"","overlay-gradient":""}}},"product_brand":[],"product_cat":[33],"product_tag":[],"class_list":{"0":"post-2804","1":"product","2":"type-product","3":"status-publish","4":"has-post-thumbnail","6":"product_cat-fishing-umbrellas-bivvy","7":"desktop-align-left","8":"tablet-align-left","9":"mobile-align-left","11":"first","12":"instock","13":"shipping-taxable","14":"product-type-simple"},"aioseo_notices":[],"uagb_featured_image_src":{"full":["https:\/\/yufengoutdoor.com\/wp-content\/uploads\/2024\/12\/FBB-BROLLY-50-BLK-NU-5_600x600.jpg.webp",600,600,false],"thumbnail":["https:\/\/yufengoutdoor.com\/wp-content\/uploads\/2024\/12\/FBB-BROLLY-50-BLK-NU-5_600x600.jpg-150x150.webp",150,150,true],"medium":["https:\/\/yufengoutdoor.com\/wp-content\/uploads\/2024\/12\/FBB-BROLLY-50-BLK-NU-5_600x600.jpg-300x300.webp",300,300,true],"medium_large":["https:\/\/yufengoutdoor.com\/wp-content\/uploads\/2024\/12\/FBB-BROLLY-50-BLK-NU-5_600x600.jpg.webp",600,600,false],"large":["https:\/\/yufengoutdoor.com\/wp-content\/uploads\/2024\/12\/FBB-BROLLY-50-BLK-NU-5_600x600.jpg.webp",600,600,false],"1536x1536":["https:\/\/yufengoutdoor.com\/wp-content\/uploads\/2024\/12\/FBB-BROLLY-50-BLK-NU-5_600x600.jpg.webp",600,600,false],"2048x2048":["https:\/\/yufengoutdoor.com\/wp-content\/uploads\/2024\/12\/FBB-BROLLY-50-BLK-NU-5_600x600.jpg.webp",600,600,false],"trp-custom-language-flag":["https:\/\/yufengoutdoor.com\/wp-content\/uploads\/2024\/12\/FBB-BROLLY-50-BLK-NU-5_600x600.jpg-12x12.webp",12,12,true],"woocommerce_thumbnail":["https:\/\/yufengoutdoor.com\/wp-content\/uploads\/2024\/12\/FBB-BROLLY-50-BLK-NU-5_600x600.jpg.webp",600,600,false],"woocommerce_single":["https:\/\/yufengoutdoor.com\/wp-content\/uploads\/2024\/12\/FBB-BROLLY-50-BLK-NU-5_600x600.jpg.webp",600,600,false],"woocommerce_gallery_thumbnail":["https:\/\/yufengoutdoor.com\/wp-content\/uploads\/2024\/12\/FBB-BROLLY-50-BLK-NU-5_600x600.jpg-100x100.webp",100,100,true]},"uagb_author_info":{"display_name":"jinxing6611@gmail.com","author_link":"https:\/\/yufengoutdoor.com\/es\/author\/"},"uagb_comment_info":0,"uagb_excerpt":"Model : YF-UM2107 \/ UM2108 &nbsp; &nbsp; Available Sizes : 220CM , 250CM\u00a0 Qty\/Outer carton : 6PCS\u00a0","_links":{"self":[{"href":"https:\/\/yufengoutdoor.com\/es\/wp-json\/wp\/v2\/product\/2804","targetHints":{"allow":["GET"]}}],"collection":[{"href":"https:\/\/yufengoutdoor.com\/es\/wp-json\/wp\/v2\/product"}],"about":[{"href":"https:\/\/yufengoutdoor.com\/es\/wp-json\/wp\/v2\/types\/product"}],"replies":[{"embeddable":true,"href":"https:\/\/yufengoutdoor.com\/es\/wp-json\/wp\/v2\/comments?post=2804"}],"wp:featuredmedia":[{"embeddable":true,"href":"https:\/\/yufengoutdoor.com\/es\/wp-json\/wp\/v2\/media\/2805"}],"wp:attachment":[{"href":"https:\/\/yufengoutdoor.com\/es\/wp-json\/wp\/v2\/media?parent=2804"}],"wp:term":[{"taxonomy":"product_brand","embeddable":true,"href":"https:\/\/yufengoutdoor.com\/es\/wp-json\/wp\/v2\/product_brand?post=2804"},{"taxonomy":"product_cat","embeddable":true,"href":"https:\/\/yufengoutdoor.com\/es\/wp-json\/wp\/v2\/product_cat?post=2804"},{"taxonomy":"product_tag","embeddable":true,"href":"https:\/\/yufengoutdoor.com\/es\/wp-json\/wp\/v2\/product_tag?post=2804"}],"curies":[{"name":"wp","href":"https:\/\/api.w.org\/{rel}","templated":true}]}}