{"id":2810,"date":"2024-12-13T06:37:52","date_gmt":"2024-12-13T06:37:52","guid":{"rendered":"https:\/\/yufengoutdoor.com\/?post_type=product&#038;p=2810"},"modified":"2024-12-13T06:37:52","modified_gmt":"2024-12-13T06:37:52","slug":"umbrella-shelter-60-with-storm-poles-and-groundsheet","status":"publish","type":"product","link":"https:\/\/yufengoutdoor.com\/fr\/produit\/umbrella-shelter-60-with-storm-poles-and-groundsheet\/","title":{"rendered":"Abri parapluie - 60\u2033 avec poteaux anti-temp\u00eate et toile de sol"},"content":{"rendered":"<div>60\u2033 BROLLY<\/div>\n<div>3.0M 60INCH<\/div>\n<div>\n<div>CADRE EN ACIER NOIR<\/div>\n<div>PAS DE POTEAU DE DESCENTE NI DE POTEAU INT\u00c9RIEUR<\/div>\n<div>CHAQUE CADRE EST MUNI D'UN BOUCHON \u00c0 VIS SUR LA PRODUCTION<\/div>\n<div>COUTURES COLL\u00c9ES<\/div>\n<div>TISSU 210D VERT ARM\u00c9E<\/div>\n<div>HOUSSE PRINCIPALE AVEC LOGO S\u00c9RIGRAPHI\u00c9 NGT QUICKFISH 60\u2033 EN NOIR SUR LES PANNEAUX LAT\u00c9RAUX<\/div>\n<div>MINI PANNEAUX LAT\u00c9RAUX @ 85-90CM<\/div>\n<div>2*BANCS NOIRS @ 60CM (EN POSITION FERM\u00c9E)<\/div>\n<div>LE TAPIS DE SOL VERT DOIT \u00caTRE DROIT \u00c0 L'AVANT (ET NON PLUS ARRONDI COMME C'EST LE CAS ACTUELLEMENT)<\/div>\n<div>LE CAPUCHON DE CLOCHE DOIT AVOIR LE JOINT TORIQUE \u00c0 L'INT\u00c9RIEUR SEULEMENT<\/div>\n<div>LIEN DE PARAPLUIE \u00c0 PLACER SUR LE PANNEAU ARRI\u00c8RE<\/div>\n<div>LA SANGLE DU POINT D'ANCRAGE DOIT \u00caTRE COUSUE ET RENFORC\u00c9E \u00c0 L'ARRI\u00c8RE.<\/div>\n<div>LA SANGLE DOIT \u00caTRE DE LA M\u00caME LARGEUR QUE LES ANNEAUX EN D<\/div>\n<div>TOUS LES POINTS D'ANCRAGE DOIVENT \u00caTRE SITU\u00c9S \u00c0 L'EXT\u00c9RIEUR DU PARAPLUIE<\/div>\n<div>Fourni avec une gaine 210D et 12 piquets en forme de L requis avec 2 cordes de haubanage de 5m.<\/div>\n<\/div>","protected":false},"excerpt":{"rendered":"<h4><strong>Mod\u00e8le : YF-UMS3001<\/strong><\/h4>\n<p>&nbsp;<\/p>\n<p>&nbsp;<\/p>\n<p><strong>Tailles disponibles : 300CM\u00a0<\/strong><\/p>\n<p><strong>Qt\u00e9\/Carton ext\u00e9rieur : 4PCS<\/strong><\/p>","protected":false},"featured_media":2811,"comment_status":"open","ping_status":"closed","template":"","meta":{"_uag_custom_page_level_css":"","site-sidebar-layout":"default","site-content-layout":"","ast-site-content-layout":"default","site-content-style":"default","site-sidebar-style":"default","ast-global-header-display":"","ast-banner-title-visibility":"","ast-main-header-display":"","ast-hfb-above-header-display":"","ast-hfb-below-header-display":"","ast-hfb-mobile-header-display":"","site-post-title":"","ast-breadcrumbs-content":"","ast-featured-img":"","footer-sml-layout":"","ast-disable-related-posts":"","theme-transparent-header-meta":"default","adv-header-id-meta":"","stick-header-meta":"","header-above-stick-meta":"","header-main-stick-meta":"","header-below-stick-meta":"","astra-migrate-meta-layouts":"set","ast-page-background-enabled":"default","ast-page-background-meta":{"desktop":{"background-color":"","background-image":"","background-repeat":"repeat","background-position":"center center","background-size":"auto","background-attachment":"scroll","background-type":"","background-media":"","overlay-type":"","overlay-color":"","overlay-opacity":"","overlay-gradient":""},"tablet":{"background-color":"","background-image":"","background-repeat":"repeat","background-position":"center center","background-size":"auto","background-attachment":"scroll","background-type":"","background-media":"","overlay-type":"","overlay-color":"","overlay-opacity":"","overlay-gradient":""},"mobile":{"background-color":"","background-image":"","background-repeat":"repeat","background-position":"center center","background-size":"auto","background-attachment":"scroll","background-type":"","background-media":"","overlay-type":"","overlay-color":"","overlay-opacity":"","overlay-gradient":""}},"ast-content-background-meta":{"desktop":{"background-color":"var(--ast-global-color-4)","background-image":"","background-repeat":"repeat","background-position":"center center","background-size":"auto","background-attachment":"scroll","background-type":"","background-media":"","overlay-type":"","overlay-color":"","overlay-opacity":"","overlay-gradient":""},"tablet":{"background-color":"var(--ast-global-color-4)","background-image":"","background-repeat":"repeat","background-position":"center center","background-size":"auto","background-attachment":"scroll","background-type":"","background-media":"","overlay-type":"","overlay-color":"","overlay-opacity":"","overlay-gradient":""},"mobile":{"background-color":"var(--ast-global-color-4)","background-image":"","background-repeat":"repeat","background-position":"center center","background-size":"auto","background-attachment":"scroll","background-type":"","background-media":"","overlay-type":"","overlay-color":"","overlay-opacity":"","overlay-gradient":""}}},"product_brand":[],"product_cat":[33],"product_tag":[],"class_list":{"0":"post-2810","1":"product","2":"type-product","3":"status-publish","4":"has-post-thumbnail","6":"product_cat-fishing-umbrellas-bivvy","7":"desktop-align-left","8":"tablet-align-left","9":"mobile-align-left","11":"first","12":"instock","13":"shipping-taxable","14":"product-type-simple"},"aioseo_notices":[],"uagb_featured_image_src":{"full":["https:\/\/yufengoutdoor.com\/wp-content\/uploads\/2024\/12\/FBB-BROLLY-60-CARP_600x600.jpg.webp",600,600,false],"thumbnail":["https:\/\/yufengoutdoor.com\/wp-content\/uploads\/2024\/12\/FBB-BROLLY-60-CARP_600x600.jpg-150x150.webp",150,150,true],"medium":["https:\/\/yufengoutdoor.com\/wp-content\/uploads\/2024\/12\/FBB-BROLLY-60-CARP_600x600.jpg-300x300.webp",300,300,true],"medium_large":["https:\/\/yufengoutdoor.com\/wp-content\/uploads\/2024\/12\/FBB-BROLLY-60-CARP_600x600.jpg.webp",600,600,false],"large":["https:\/\/yufengoutdoor.com\/wp-content\/uploads\/2024\/12\/FBB-BROLLY-60-CARP_600x600.jpg.webp",600,600,false],"1536x1536":["https:\/\/yufengoutdoor.com\/wp-content\/uploads\/2024\/12\/FBB-BROLLY-60-CARP_600x600.jpg.webp",600,600,false],"2048x2048":["https:\/\/yufengoutdoor.com\/wp-content\/uploads\/2024\/12\/FBB-BROLLY-60-CARP_600x600.jpg.webp",600,600,false],"trp-custom-language-flag":["https:\/\/yufengoutdoor.com\/wp-content\/uploads\/2024\/12\/FBB-BROLLY-60-CARP_600x600.jpg-12x12.webp",12,12,true],"woocommerce_thumbnail":["https:\/\/yufengoutdoor.com\/wp-content\/uploads\/2024\/12\/FBB-BROLLY-60-CARP_600x600.jpg.webp",600,600,false],"woocommerce_single":["https:\/\/yufengoutdoor.com\/wp-content\/uploads\/2024\/12\/FBB-BROLLY-60-CARP_600x600.jpg.webp",600,600,false],"woocommerce_gallery_thumbnail":["https:\/\/yufengoutdoor.com\/wp-content\/uploads\/2024\/12\/FBB-BROLLY-60-CARP_600x600.jpg-100x100.webp",100,100,true]},"uagb_author_info":{"display_name":"jinxing6611@gmail.com","author_link":"https:\/\/yufengoutdoor.com\/fr\/author\/"},"uagb_comment_info":0,"uagb_excerpt":"Model : YF-UMS3001 &nbsp; &nbsp; Available Sizes : 300CM\u00a0 Qty\/Outer carton : 4PCS","_links":{"self":[{"href":"https:\/\/yufengoutdoor.com\/fr\/wp-json\/wp\/v2\/product\/2810","targetHints":{"allow":["GET"]}}],"collection":[{"href":"https:\/\/yufengoutdoor.com\/fr\/wp-json\/wp\/v2\/product"}],"about":[{"href":"https:\/\/yufengoutdoor.com\/fr\/wp-json\/wp\/v2\/types\/product"}],"replies":[{"embeddable":true,"href":"https:\/\/yufengoutdoor.com\/fr\/wp-json\/wp\/v2\/comments?post=2810"}],"wp:featuredmedia":[{"embeddable":true,"href":"https:\/\/yufengoutdoor.com\/fr\/wp-json\/wp\/v2\/media\/2811"}],"wp:attachment":[{"href":"https:\/\/yufengoutdoor.com\/fr\/wp-json\/wp\/v2\/media?parent=2810"}],"wp:term":[{"taxonomy":"product_brand","embeddable":true,"href":"https:\/\/yufengoutdoor.com\/fr\/wp-json\/wp\/v2\/product_brand?post=2810"},{"taxonomy":"product_cat","embeddable":true,"href":"https:\/\/yufengoutdoor.com\/fr\/wp-json\/wp\/v2\/product_cat?post=2810"},{"taxonomy":"product_tag","embeddable":true,"href":"https:\/\/yufengoutdoor.com\/fr\/wp-json\/wp\/v2\/product_tag?post=2810"}],"curies":[{"name":"wp","href":"https:\/\/api.w.org\/{rel}","templated":true}]}}