{"id":2830,"date":"2024-12-13T07:25:56","date_gmt":"2024-12-13T07:25:56","guid":{"rendered":"https:\/\/yufengoutdoor.com\/?post_type=product&#038;p=2830"},"modified":"2024-12-13T07:25:56","modified_gmt":"2024-12-13T07:25:56","slug":"umbrella-superior-shelter-60%e2%80%b3-with-4pcsstorm-poles-and-groundsheet","status":"publish","type":"product","link":"https:\/\/yufengoutdoor.com\/fr\/produit\/umbrella-superior-shelter-60%e2%80%b3-with-4pcsstorm-poles-and-groundsheet\/","title":{"rendered":"Parapluie Abri sup\u00e9rieur - 60\u2033 avec 4pcsPoteaux anti-temp\u00eate et toile de sol"},"content":{"rendered":"<div>210D DPM CAMOUFLAGE<\/div>\n<div>HAUTEUR DU MINI PANNEAU LAT\u00c9RAL \u00c0 95CM - 100CM<\/div>\n<div>150 CM MESUR\u00c9S \u00c0 PARTIR DE LA PARTIE SUP\u00c9RIEURE DE LA COIFFE VENTRALE<\/div>\n<div>COUTURES EN RUBAN VERT<\/div>\n<div>CADRE EN ACIER DE 4,8 MM<\/div>\n<div>PE GROUNDSHEET - TAILLE R\u00c9ELLE COMME ABRI<\/div>\n<div>PANNEAU FRONTAL ZIPP\u00c9 AVEC FERMETURE \u00c0 GLISSI\u00c8RE ET RABAT-TEMP\u00caTE SUR LE DEVANT<\/div>\n<div>TROIS PANNEAUX + PANNEAU LAT\u00c9RAL<\/div>\n<div>TROIS PANNEAUX FRONTAUX AVEC RABAT EXT\u00c9RIEUR ET FEN\u00caTRES EN MAILLE MOUSTIQUAIRE<\/div>\n<div>CHAQUE FEN\u00caTRE MESURE 75CM-78CM DE LARGE, HAUTEUR 90-95CM<\/div>\n<div>CHAQUE FEN\u00caTRE EST MUNIE D'UN VELCRO<\/div>\n<div>TOTAL 3 ZIPS<\/div>\n<div>FOURNI AVEC 2*B\u00c2TONS VERTS @ 110CM (EN POSITION FERM\u00c9E)<\/div>\n<div>PLUS 2*B\u00c2TONS VERTS @ 60CM(EN POSITION FERM\u00c9E)<\/div>\n<div>SAC FOURRE-TOUT SANS BANDOULI\u00c8RE<\/div>\n<div>ANNEAU M\u00c9TALLIQUE AU BAS DE CHAQUE PANNEAU<\/div>\n<div>HAUTEUR DU PANNEAU AVANT : ENVIRON 145-150 CM<\/div>\n<div>PANNEAU FRONTAL AVEC TROIS NIVEAUX D'ANNEAUX D<\/div>\n<div>FOURNI AVEC 12 PIQUETS DE 7 FORMES ET 2 CORDES DE 5 M.<\/div>","protected":false},"excerpt":{"rendered":"<h4><strong>Mod\u00e8le : YF-UMS3002<\/strong><\/h4>\n<p>&nbsp;<\/p>\n<p>&nbsp;<\/p>\n<p><strong>Tailles disponibles : 300CM\u00a0<\/strong><\/p>\n<p><strong>Qt\u00e9\/carton int\u00e9rieur :1 pi\u00e8ce<\/strong><\/p>\n<p><strong>Qt\u00e9\/Carton ext\u00e9rieur : 2 pi\u00e8ces<\/strong><\/p>","protected":false},"featured_media":2831,"comment_status":"open","ping_status":"closed","template":"","meta":{"_uag_custom_page_level_css":"","site-sidebar-layout":"default","site-content-layout":"","ast-site-content-layout":"default","site-content-style":"default","site-sidebar-style":"default","ast-global-header-display":"","ast-banner-title-visibility":"","ast-main-header-display":"","ast-hfb-above-header-display":"","ast-hfb-below-header-display":"","ast-hfb-mobile-header-display":"","site-post-title":"","ast-breadcrumbs-content":"","ast-featured-img":"","footer-sml-layout":"","ast-disable-related-posts":"","theme-transparent-header-meta":"default","adv-header-id-meta":"","stick-header-meta":"","header-above-stick-meta":"","header-main-stick-meta":"","header-below-stick-meta":"","astra-migrate-meta-layouts":"set","ast-page-background-enabled":"default","ast-page-background-meta":{"desktop":{"background-color":"","background-image":"","background-repeat":"repeat","background-position":"center center","background-size":"auto","background-attachment":"scroll","background-type":"","background-media":"","overlay-type":"","overlay-color":"","overlay-opacity":"","overlay-gradient":""},"tablet":{"background-color":"","background-image":"","background-repeat":"repeat","background-position":"center center","background-size":"auto","background-attachment":"scroll","background-type":"","background-media":"","overlay-type":"","overlay-color":"","overlay-opacity":"","overlay-gradient":""},"mobile":{"background-color":"","background-image":"","background-repeat":"repeat","background-position":"center center","background-size":"auto","background-attachment":"scroll","background-type":"","background-media":"","overlay-type":"","overlay-color":"","overlay-opacity":"","overlay-gradient":""}},"ast-content-background-meta":{"desktop":{"background-color":"var(--ast-global-color-4)","background-image":"","background-repeat":"repeat","background-position":"center center","background-size":"auto","background-attachment":"scroll","background-type":"","background-media":"","overlay-type":"","overlay-color":"","overlay-opacity":"","overlay-gradient":""},"tablet":{"background-color":"var(--ast-global-color-4)","background-image":"","background-repeat":"repeat","background-position":"center center","background-size":"auto","background-attachment":"scroll","background-type":"","background-media":"","overlay-type":"","overlay-color":"","overlay-opacity":"","overlay-gradient":""},"mobile":{"background-color":"var(--ast-global-color-4)","background-image":"","background-repeat":"repeat","background-position":"center center","background-size":"auto","background-attachment":"scroll","background-type":"","background-media":"","overlay-type":"","overlay-color":"","overlay-opacity":"","overlay-gradient":""}}},"product_brand":[],"product_cat":[20,33],"product_tag":[],"class_list":{"0":"post-2830","1":"product","2":"type-product","3":"status-publish","4":"has-post-thumbnail","6":"product_cat-uncategorized","7":"product_cat-fishing-umbrellas-bivvy","8":"desktop-align-left","9":"tablet-align-left","10":"mobile-align-left","12":"first","13":"instock","14":"shipping-taxable","15":"product-type-simple"},"aioseo_notices":[],"uagb_featured_image_src":{"full":["https:\/\/yufengoutdoor.com\/wp-content\/uploads\/2024\/12\/\u5fae\u4fe1\u56fe\u7247_20241213145618_\u526f\u672c.jpg",1600,1200,false],"thumbnail":["https:\/\/yufengoutdoor.com\/wp-content\/uploads\/2024\/12\/\u5fae\u4fe1\u56fe\u7247_20241213145618_\u526f\u672c-150x150.jpg",150,150,true],"medium":["https:\/\/yufengoutdoor.com\/wp-content\/uploads\/2024\/12\/\u5fae\u4fe1\u56fe\u7247_20241213145618_\u526f\u672c-300x225.jpg",300,225,true],"medium_large":["https:\/\/yufengoutdoor.com\/wp-content\/uploads\/2024\/12\/\u5fae\u4fe1\u56fe\u7247_20241213145618_\u526f\u672c-768x576.jpg",768,576,true],"large":["https:\/\/yufengoutdoor.com\/wp-content\/uploads\/2024\/12\/\u5fae\u4fe1\u56fe\u7247_20241213145618_\u526f\u672c-1024x768.jpg",1024,768,true],"1536x1536":["https:\/\/yufengoutdoor.com\/wp-content\/uploads\/2024\/12\/\u5fae\u4fe1\u56fe\u7247_20241213145618_\u526f\u672c-1536x1152.jpg",1536,1152,true],"2048x2048":["https:\/\/yufengoutdoor.com\/wp-content\/uploads\/2024\/12\/\u5fae\u4fe1\u56fe\u7247_20241213145618_\u526f\u672c.jpg",1600,1200,false],"trp-custom-language-flag":["https:\/\/yufengoutdoor.com\/wp-content\/uploads\/2024\/12\/\u5fae\u4fe1\u56fe\u7247_20241213145618_\u526f\u672c-16x12.jpg",16,12,true],"woocommerce_thumbnail":["https:\/\/yufengoutdoor.com\/wp-content\/uploads\/2024\/12\/\u5fae\u4fe1\u56fe\u7247_20241213145618_\u526f\u672c-1200x1200.jpg",1200,1200,true],"woocommerce_single":["https:\/\/yufengoutdoor.com\/wp-content\/uploads\/2024\/12\/\u5fae\u4fe1\u56fe\u7247_20241213145618_\u526f\u672c-1200x900.jpg",1200,900,true],"woocommerce_gallery_thumbnail":["https:\/\/yufengoutdoor.com\/wp-content\/uploads\/2024\/12\/\u5fae\u4fe1\u56fe\u7247_20241213145618_\u526f\u672c-100x100.jpg",100,100,true]},"uagb_author_info":{"display_name":"jinxing6611@gmail.com","author_link":"https:\/\/yufengoutdoor.com\/fr\/author\/"},"uagb_comment_info":0,"uagb_excerpt":"Model : YF-UMS3002 &nbsp; &nbsp; Available Sizes : 300CM\u00a0 Qty\/Inner carton :1 \u00a0pcs Qty\/Outer carton : 2 pcs","_links":{"self":[{"href":"https:\/\/yufengoutdoor.com\/fr\/wp-json\/wp\/v2\/product\/2830","targetHints":{"allow":["GET"]}}],"collection":[{"href":"https:\/\/yufengoutdoor.com\/fr\/wp-json\/wp\/v2\/product"}],"about":[{"href":"https:\/\/yufengoutdoor.com\/fr\/wp-json\/wp\/v2\/types\/product"}],"replies":[{"embeddable":true,"href":"https:\/\/yufengoutdoor.com\/fr\/wp-json\/wp\/v2\/comments?post=2830"}],"wp:featuredmedia":[{"embeddable":true,"href":"https:\/\/yufengoutdoor.com\/fr\/wp-json\/wp\/v2\/media\/2831"}],"wp:attachment":[{"href":"https:\/\/yufengoutdoor.com\/fr\/wp-json\/wp\/v2\/media?parent=2830"}],"wp:term":[{"taxonomy":"product_brand","embeddable":true,"href":"https:\/\/yufengoutdoor.com\/fr\/wp-json\/wp\/v2\/product_brand?post=2830"},{"taxonomy":"product_cat","embeddable":true,"href":"https:\/\/yufengoutdoor.com\/fr\/wp-json\/wp\/v2\/product_cat?post=2830"},{"taxonomy":"product_tag","embeddable":true,"href":"https:\/\/yufengoutdoor.com\/fr\/wp-json\/wp\/v2\/product_tag?post=2830"}],"curies":[{"name":"wp","href":"https:\/\/api.w.org\/{rel}","templated":true}]}}