{"id":2839,"date":"2024-12-13T07:40:07","date_gmt":"2024-12-13T07:40:07","guid":{"rendered":"https:\/\/yufengoutdoor.com\/?post_type=product&#038;p=2839"},"modified":"2024-12-13T07:40:08","modified_gmt":"2024-12-13T07:40:08","slug":"umbrella-full-cover-2man-32m","status":"publish","type":"product","link":"https:\/\/yufengoutdoor.com\/fr\/produit\/umbrella-full-cover-2man-32m\/","title":{"rendered":"Parapluie Full Cover 2MAN 3,2m"},"content":{"rendered":"<p>Parapluie 60\" vert arm\u00e9e avec c\u00f4t\u00e9s complets<\/p>\n<p>60\u2033 150cm, capuchon inclus<\/p>\n<p>Tissu 210D vert arm\u00e9e avec coutures en ruban transparent<\/p>\n<p>Cadre en acier noir de 4,7 mm<\/p>\n<p>Poteau de descente en acier<\/p>\n<p>Poteau int\u00e9rieur en aluminium de 90 cm - Peinture noire givr\u00e9e<\/p>\n<p>Parapluie de forme carr\u00e9e + c\u00f4t\u00e9s<\/p>\n<p>Profondeur du mur @ 130cm<\/p>\n<p>face avant avec une grande fen\u00eatre avec deux fermetures \u00e0 glissi\u00e8re et enroul\u00e9e<\/p>\n<p>C\u00f4t\u00e9s \u00e0 fermer<\/p>\n<p>Fermeture \u00e9clair d'un r\u00e9servoir en plastique<\/p>\n<p>Nubrolli Tilt + Standard Runner (Nubroli tilt illustr\u00e9 ci-dessous)<\/p>\n<p>4 anneaux en D sur le ballon<\/p>\n<p>11pcs acier 7 forme pegs with ropes<\/p>\n<p>Volant ABS<\/p>\n<p>210D Sleeve bag Emballage<\/p>","protected":false},"excerpt":{"rendered":"<h4><strong>Mod\u00e8le : YF-UM3001<\/strong><\/h4>\n<p>&nbsp;<\/p>\n<p>&nbsp;<\/p>\n<p><strong>Tailles disponibles : 300CM\u00a0<\/strong><\/p>\n<p><strong>Qt\u00e9\/Carton ext\u00e9rieur : 1PCS\u00a0<\/strong><\/p>","protected":false},"featured_media":2840,"comment_status":"open","ping_status":"closed","template":"","meta":{"_uag_custom_page_level_css":"","site-sidebar-layout":"default","site-content-layout":"","ast-site-content-layout":"default","site-content-style":"default","site-sidebar-style":"default","ast-global-header-display":"","ast-banner-title-visibility":"","ast-main-header-display":"","ast-hfb-above-header-display":"","ast-hfb-below-header-display":"","ast-hfb-mobile-header-display":"","site-post-title":"","ast-breadcrumbs-content":"","ast-featured-img":"","footer-sml-layout":"","ast-disable-related-posts":"","theme-transparent-header-meta":"default","adv-header-id-meta":"","stick-header-meta":"","header-above-stick-meta":"","header-main-stick-meta":"","header-below-stick-meta":"","astra-migrate-meta-layouts":"set","ast-page-background-enabled":"default","ast-page-background-meta":{"desktop":{"background-color":"","background-image":"","background-repeat":"repeat","background-position":"center center","background-size":"auto","background-attachment":"scroll","background-type":"","background-media":"","overlay-type":"","overlay-color":"","overlay-opacity":"","overlay-gradient":""},"tablet":{"background-color":"","background-image":"","background-repeat":"repeat","background-position":"center center","background-size":"auto","background-attachment":"scroll","background-type":"","background-media":"","overlay-type":"","overlay-color":"","overlay-opacity":"","overlay-gradient":""},"mobile":{"background-color":"","background-image":"","background-repeat":"repeat","background-position":"center center","background-size":"auto","background-attachment":"scroll","background-type":"","background-media":"","overlay-type":"","overlay-color":"","overlay-opacity":"","overlay-gradient":""}},"ast-content-background-meta":{"desktop":{"background-color":"var(--ast-global-color-4)","background-image":"","background-repeat":"repeat","background-position":"center center","background-size":"auto","background-attachment":"scroll","background-type":"","background-media":"","overlay-type":"","overlay-color":"","overlay-opacity":"","overlay-gradient":""},"tablet":{"background-color":"var(--ast-global-color-4)","background-image":"","background-repeat":"repeat","background-position":"center center","background-size":"auto","background-attachment":"scroll","background-type":"","background-media":"","overlay-type":"","overlay-color":"","overlay-opacity":"","overlay-gradient":""},"mobile":{"background-color":"var(--ast-global-color-4)","background-image":"","background-repeat":"repeat","background-position":"center center","background-size":"auto","background-attachment":"scroll","background-type":"","background-media":"","overlay-type":"","overlay-color":"","overlay-opacity":"","overlay-gradient":""}}},"product_brand":[],"product_cat":[33],"product_tag":[],"class_list":{"0":"post-2839","1":"product","2":"type-product","3":"status-publish","4":"has-post-thumbnail","6":"product_cat-fishing-umbrellas-bivvy","7":"desktop-align-left","8":"tablet-align-left","9":"mobile-align-left","11":"first","12":"instock","13":"shipping-taxable","14":"product-type-simple"},"aioseo_notices":[],"uagb_featured_image_src":{"full":["https:\/\/yufengoutdoor.com\/wp-content\/uploads\/2024\/12\/6111232esa_\u526f\u672c.jpg",800,800,false],"thumbnail":["https:\/\/yufengoutdoor.com\/wp-content\/uploads\/2024\/12\/6111232esa_\u526f\u672c-150x150.jpg",150,150,true],"medium":["https:\/\/yufengoutdoor.com\/wp-content\/uploads\/2024\/12\/6111232esa_\u526f\u672c-300x300.jpg",300,300,true],"medium_large":["https:\/\/yufengoutdoor.com\/wp-content\/uploads\/2024\/12\/6111232esa_\u526f\u672c-768x768.jpg",768,768,true],"large":["https:\/\/yufengoutdoor.com\/wp-content\/uploads\/2024\/12\/6111232esa_\u526f\u672c.jpg",800,800,false],"1536x1536":["https:\/\/yufengoutdoor.com\/wp-content\/uploads\/2024\/12\/6111232esa_\u526f\u672c.jpg",800,800,false],"2048x2048":["https:\/\/yufengoutdoor.com\/wp-content\/uploads\/2024\/12\/6111232esa_\u526f\u672c.jpg",800,800,false],"trp-custom-language-flag":["https:\/\/yufengoutdoor.com\/wp-content\/uploads\/2024\/12\/6111232esa_\u526f\u672c-12x12.jpg",12,12,true],"woocommerce_thumbnail":["https:\/\/yufengoutdoor.com\/wp-content\/uploads\/2024\/12\/6111232esa_\u526f\u672c.jpg",800,800,false],"woocommerce_single":["https:\/\/yufengoutdoor.com\/wp-content\/uploads\/2024\/12\/6111232esa_\u526f\u672c.jpg",800,800,false],"woocommerce_gallery_thumbnail":["https:\/\/yufengoutdoor.com\/wp-content\/uploads\/2024\/12\/6111232esa_\u526f\u672c-100x100.jpg",100,100,true]},"uagb_author_info":{"display_name":"jinxing6611@gmail.com","author_link":"https:\/\/yufengoutdoor.com\/fr\/author\/"},"uagb_comment_info":0,"uagb_excerpt":"Model : YF-UM3001 &nbsp; &nbsp; Available Sizes : 300CM\u00a0 Qty\/Outer carton : 1PCS\u00a0","_links":{"self":[{"href":"https:\/\/yufengoutdoor.com\/fr\/wp-json\/wp\/v2\/product\/2839","targetHints":{"allow":["GET"]}}],"collection":[{"href":"https:\/\/yufengoutdoor.com\/fr\/wp-json\/wp\/v2\/product"}],"about":[{"href":"https:\/\/yufengoutdoor.com\/fr\/wp-json\/wp\/v2\/types\/product"}],"replies":[{"embeddable":true,"href":"https:\/\/yufengoutdoor.com\/fr\/wp-json\/wp\/v2\/comments?post=2839"}],"wp:featuredmedia":[{"embeddable":true,"href":"https:\/\/yufengoutdoor.com\/fr\/wp-json\/wp\/v2\/media\/2840"}],"wp:attachment":[{"href":"https:\/\/yufengoutdoor.com\/fr\/wp-json\/wp\/v2\/media?parent=2839"}],"wp:term":[{"taxonomy":"product_brand","embeddable":true,"href":"https:\/\/yufengoutdoor.com\/fr\/wp-json\/wp\/v2\/product_brand?post=2839"},{"taxonomy":"product_cat","embeddable":true,"href":"https:\/\/yufengoutdoor.com\/fr\/wp-json\/wp\/v2\/product_cat?post=2839"},{"taxonomy":"product_tag","embeddable":true,"href":"https:\/\/yufengoutdoor.com\/fr\/wp-json\/wp\/v2\/product_tag?post=2839"}],"curies":[{"name":"wp","href":"https:\/\/api.w.org\/{rel}","templated":true}]}}