{"id":3016,"date":"2024-12-15T02:39:13","date_gmt":"2024-12-15T02:39:13","guid":{"rendered":"https:\/\/yufengoutdoor.com\/?post_type=product&#038;p=3016"},"modified":"2024-12-15T02:39:13","modified_gmt":"2024-12-15T02:39:13","slug":"3-rod-holdall","status":"publish","type":"product","link":"https:\/\/yufengoutdoor.com\/fr\/produit\/3-rod-holdall\/","title":{"rendered":"Fourre-tout \u00e0 3 tiges"},"content":{"rendered":"<p class=\"p1\">Les p\u00eacheurs de carpe d\u00e9pensent des centaines, voire des milliers d'euros pour leurs cannes et leurs moulinets, gardez-les en s\u00e9curit\u00e9 et prot\u00e9gez-les avec le DPM 3 Rod Holdall.<\/p>\n<p class=\"p1\">Disponible en mod\u00e8les 12ft, 12ft 6\u2033 et 13ft (mod\u00e8les compacts 9ft et 10ft \u00e9galement disponibles).<\/p>\n<ul class=\"ul1\">\n<li class=\"li1\">Poches de rangement externes pour les filets, les \u00e9lingues et les b\u00e2tons.<\/li>\n<li class=\"li1\">Fermetures \u00e0 glissi\u00e8re No.10 tr\u00e8s r\u00e9sistantes et tirettes surdimensionn\u00e9es<\/li>\n<li class=\"li1\">Base en PVC renforc\u00e9.<\/li>\n<li class=\"li1\">Mati\u00e8re ext\u00e9rieure r\u00e9sistante en 600D DPM et int\u00e9rieur rembourr\u00e9.<\/li>\n<li class=\"li1\">Poign\u00e9e de transport en n\u00e9opr\u00e8ne ergonomique et r\u00e9sistante.<\/li>\n<li class=\"li1\">Bandouli\u00e8re rembourr\u00e9e et r\u00e9glable.<\/li>\n<li class=\"li1\">Disponible en mod\u00e8les de 12 pieds et 13 pieds.<\/li>\n<\/ul>","protected":false},"excerpt":{"rendered":"<h4>YF-HOD2703<\/h4>\n<p>&nbsp;<\/p>\n<p><strong>Taille du produit :<\/strong><\/p>\n<p>12ft : 200cm<\/p>\n<p>13ft : 214cm<\/p>","protected":false},"featured_media":3017,"comment_status":"open","ping_status":"closed","template":"","meta":{"_uag_custom_page_level_css":"","site-sidebar-layout":"default","site-content-layout":"","ast-site-content-layout":"default","site-content-style":"default","site-sidebar-style":"default","ast-global-header-display":"","ast-banner-title-visibility":"","ast-main-header-display":"","ast-hfb-above-header-display":"","ast-hfb-below-header-display":"","ast-hfb-mobile-header-display":"","site-post-title":"","ast-breadcrumbs-content":"","ast-featured-img":"","footer-sml-layout":"","ast-disable-related-posts":"","theme-transparent-header-meta":"default","adv-header-id-meta":"","stick-header-meta":"","header-above-stick-meta":"","header-main-stick-meta":"","header-below-stick-meta":"","astra-migrate-meta-layouts":"set","ast-page-background-enabled":"default","ast-page-background-meta":{"desktop":{"background-color":"","background-image":"","background-repeat":"repeat","background-position":"center center","background-size":"auto","background-attachment":"scroll","background-type":"","background-media":"","overlay-type":"","overlay-color":"","overlay-opacity":"","overlay-gradient":""},"tablet":{"background-color":"","background-image":"","background-repeat":"repeat","background-position":"center center","background-size":"auto","background-attachment":"scroll","background-type":"","background-media":"","overlay-type":"","overlay-color":"","overlay-opacity":"","overlay-gradient":""},"mobile":{"background-color":"","background-image":"","background-repeat":"repeat","background-position":"center center","background-size":"auto","background-attachment":"scroll","background-type":"","background-media":"","overlay-type":"","overlay-color":"","overlay-opacity":"","overlay-gradient":""}},"ast-content-background-meta":{"desktop":{"background-color":"var(--ast-global-color-4)","background-image":"","background-repeat":"repeat","background-position":"center center","background-size":"auto","background-attachment":"scroll","background-type":"","background-media":"","overlay-type":"","overlay-color":"","overlay-opacity":"","overlay-gradient":""},"tablet":{"background-color":"var(--ast-global-color-4)","background-image":"","background-repeat":"repeat","background-position":"center center","background-size":"auto","background-attachment":"scroll","background-type":"","background-media":"","overlay-type":"","overlay-color":"","overlay-opacity":"","overlay-gradient":""},"mobile":{"background-color":"var(--ast-global-color-4)","background-image":"","background-repeat":"repeat","background-position":"center center","background-size":"auto","background-attachment":"scroll","background-type":"","background-media":"","overlay-type":"","overlay-color":"","overlay-opacity":"","overlay-gradient":""}}},"product_brand":[],"product_cat":[43],"product_tag":[],"class_list":{"0":"post-3016","1":"product","2":"type-product","3":"status-publish","4":"has-post-thumbnail","6":"product_cat-fishing-holdall","7":"desktop-align-left","8":"tablet-align-left","9":"mobile-align-left","11":"first","12":"instock","13":"shipping-taxable","14":"product-type-simple"},"aioseo_notices":[],"uagb_featured_image_src":{"full":["https:\/\/yufengoutdoor.com\/wp-content\/uploads\/2024\/12\/3-Rod-Sleeve-2_1200x.jpg_\u526f\u672c.webp",1200,1200,false],"thumbnail":["https:\/\/yufengoutdoor.com\/wp-content\/uploads\/2024\/12\/3-Rod-Sleeve-2_1200x.jpg_\u526f\u672c-150x150.webp",150,150,true],"medium":["https:\/\/yufengoutdoor.com\/wp-content\/uploads\/2024\/12\/3-Rod-Sleeve-2_1200x.jpg_\u526f\u672c-300x300.webp",300,300,true],"medium_large":["https:\/\/yufengoutdoor.com\/wp-content\/uploads\/2024\/12\/3-Rod-Sleeve-2_1200x.jpg_\u526f\u672c-768x768.webp",768,768,true],"large":["https:\/\/yufengoutdoor.com\/wp-content\/uploads\/2024\/12\/3-Rod-Sleeve-2_1200x.jpg_\u526f\u672c-1024x1024.webp",1024,1024,true],"1536x1536":["https:\/\/yufengoutdoor.com\/wp-content\/uploads\/2024\/12\/3-Rod-Sleeve-2_1200x.jpg_\u526f\u672c.webp",1200,1200,false],"2048x2048":["https:\/\/yufengoutdoor.com\/wp-content\/uploads\/2024\/12\/3-Rod-Sleeve-2_1200x.jpg_\u526f\u672c.webp",1200,1200,false],"trp-custom-language-flag":["https:\/\/yufengoutdoor.com\/wp-content\/uploads\/2024\/12\/3-Rod-Sleeve-2_1200x.jpg_\u526f\u672c-12x12.webp",12,12,true],"woocommerce_thumbnail":["https:\/\/yufengoutdoor.com\/wp-content\/uploads\/2024\/12\/3-Rod-Sleeve-2_1200x.jpg_\u526f\u672c.webp",1200,1200,false],"woocommerce_single":["https:\/\/yufengoutdoor.com\/wp-content\/uploads\/2024\/12\/3-Rod-Sleeve-2_1200x.jpg_\u526f\u672c.webp",1200,1200,false],"woocommerce_gallery_thumbnail":["https:\/\/yufengoutdoor.com\/wp-content\/uploads\/2024\/12\/3-Rod-Sleeve-2_1200x.jpg_\u526f\u672c-100x100.webp",100,100,true]},"uagb_author_info":{"display_name":"jinxing6611@gmail.com","author_link":"https:\/\/yufengoutdoor.com\/fr\/author\/"},"uagb_comment_info":0,"uagb_excerpt":"YF-HOD2703 &nbsp; Product size : 12ft : 200cm 13ft : 214cm","_links":{"self":[{"href":"https:\/\/yufengoutdoor.com\/fr\/wp-json\/wp\/v2\/product\/3016","targetHints":{"allow":["GET"]}}],"collection":[{"href":"https:\/\/yufengoutdoor.com\/fr\/wp-json\/wp\/v2\/product"}],"about":[{"href":"https:\/\/yufengoutdoor.com\/fr\/wp-json\/wp\/v2\/types\/product"}],"replies":[{"embeddable":true,"href":"https:\/\/yufengoutdoor.com\/fr\/wp-json\/wp\/v2\/comments?post=3016"}],"wp:featuredmedia":[{"embeddable":true,"href":"https:\/\/yufengoutdoor.com\/fr\/wp-json\/wp\/v2\/media\/3017"}],"wp:attachment":[{"href":"https:\/\/yufengoutdoor.com\/fr\/wp-json\/wp\/v2\/media?parent=3016"}],"wp:term":[{"taxonomy":"product_brand","embeddable":true,"href":"https:\/\/yufengoutdoor.com\/fr\/wp-json\/wp\/v2\/product_brand?post=3016"},{"taxonomy":"product_cat","embeddable":true,"href":"https:\/\/yufengoutdoor.com\/fr\/wp-json\/wp\/v2\/product_cat?post=3016"},{"taxonomy":"product_tag","embeddable":true,"href":"https:\/\/yufengoutdoor.com\/fr\/wp-json\/wp\/v2\/product_tag?post=3016"}],"curies":[{"name":"wp","href":"https:\/\/api.w.org\/{rel}","templated":true}]}}