{"id":3029,"date":"2024-12-15T03:02:00","date_gmt":"2024-12-15T03:02:00","guid":{"rendered":"https:\/\/yufengoutdoor.com\/?post_type=product&#038;p=3029"},"modified":"2024-12-15T03:02:00","modified_gmt":"2024-12-15T03:02:00","slug":"tip-tops","status":"publish","type":"product","link":"https:\/\/yufengoutdoor.com\/fr\/produit\/tip-tops\/","title":{"rendered":"Tip Tops"},"content":{"rendered":"<p>Caract\u00e9ristiques :<\/p>\n<p>Les Tip Tops sont disponibles en deux mod\u00e8les (9\/10ft et 12\/13ft). Ils sont fabriqu\u00e9s dans notre mat\u00e9riau DPM 210D et sont dot\u00e9s d'une section solide, \u00e9lastique et enti\u00e8rement r\u00e9glable. Ils sont con\u00e7us pour s'adapter facilement \u00e0 la longueur de la canne que vous utilisez. Les sections de poche plus courtes \u00e0 chaque extr\u00e9mit\u00e9 permettent l'utilisation d'anneaux de 50 mm ferm\u00e9s \u00e0 l'articulation de la canne.<\/p>\n<ul>\n<li>Bracelet \u00e9lastiqu\u00e9 r\u00e9glable.<\/li>\n<li>Mat\u00e9riau rembourr\u00e9 DPM 210d aux deux extr\u00e9mit\u00e9s.<\/li>\n<\/ul>","protected":false},"excerpt":{"rendered":"<h4>YF-CAE2801<\/h4>\n<p>&nbsp;<\/p>\n<p><strong>Taille du produit :<\/strong><\/p>\n<p><strong>9ft-10ft<\/strong> - S'adapte \u00e0 toutes les cannes standard et r\u00e9tractables de 9ft-10ft (y compris les anneaux de 50mm)<br \/>\n<strong>12-13ft<\/strong> - S'adapte \u00e0 toutes les cannes standard de 12 et 13 pieds (y compris les anneaux de 50 mm)<\/p>\n<p>&nbsp;<\/p>","protected":false},"featured_media":3030,"comment_status":"open","ping_status":"closed","template":"","meta":{"_uag_custom_page_level_css":"","site-sidebar-layout":"default","site-content-layout":"","ast-site-content-layout":"default","site-content-style":"default","site-sidebar-style":"default","ast-global-header-display":"","ast-banner-title-visibility":"","ast-main-header-display":"","ast-hfb-above-header-display":"","ast-hfb-below-header-display":"","ast-hfb-mobile-header-display":"","site-post-title":"","ast-breadcrumbs-content":"","ast-featured-img":"","footer-sml-layout":"","ast-disable-related-posts":"","theme-transparent-header-meta":"default","adv-header-id-meta":"","stick-header-meta":"","header-above-stick-meta":"","header-main-stick-meta":"","header-below-stick-meta":"","astra-migrate-meta-layouts":"set","ast-page-background-enabled":"default","ast-page-background-meta":{"desktop":{"background-color":"","background-image":"","background-repeat":"repeat","background-position":"center center","background-size":"auto","background-attachment":"scroll","background-type":"","background-media":"","overlay-type":"","overlay-color":"","overlay-opacity":"","overlay-gradient":""},"tablet":{"background-color":"","background-image":"","background-repeat":"repeat","background-position":"center center","background-size":"auto","background-attachment":"scroll","background-type":"","background-media":"","overlay-type":"","overlay-color":"","overlay-opacity":"","overlay-gradient":""},"mobile":{"background-color":"","background-image":"","background-repeat":"repeat","background-position":"center center","background-size":"auto","background-attachment":"scroll","background-type":"","background-media":"","overlay-type":"","overlay-color":"","overlay-opacity":"","overlay-gradient":""}},"ast-content-background-meta":{"desktop":{"background-color":"var(--ast-global-color-4)","background-image":"","background-repeat":"repeat","background-position":"center center","background-size":"auto","background-attachment":"scroll","background-type":"","background-media":"","overlay-type":"","overlay-color":"","overlay-opacity":"","overlay-gradient":""},"tablet":{"background-color":"var(--ast-global-color-4)","background-image":"","background-repeat":"repeat","background-position":"center center","background-size":"auto","background-attachment":"scroll","background-type":"","background-media":"","overlay-type":"","overlay-color":"","overlay-opacity":"","overlay-gradient":""},"mobile":{"background-color":"var(--ast-global-color-4)","background-image":"","background-repeat":"repeat","background-position":"center center","background-size":"auto","background-attachment":"scroll","background-type":"","background-media":"","overlay-type":"","overlay-color":"","overlay-opacity":"","overlay-gradient":""}}},"product_brand":[],"product_cat":[46],"product_tag":[],"class_list":{"0":"post-3029","1":"product","2":"type-product","3":"status-publish","4":"has-post-thumbnail","6":"product_cat-carp-fishing-care","7":"desktop-align-left","8":"tablet-align-left","9":"mobile-align-left","11":"first","12":"instock","13":"shipping-taxable","14":"product-type-simple"},"aioseo_notices":[],"uagb_featured_image_src":{"full":["https:\/\/yufengoutdoor.com\/wp-content\/uploads\/2024\/12\/DPM_TIPTOPS_LARGE_-_Copy_1024x.jpg_\u526f\u672c.webp",1024,719,false],"thumbnail":["https:\/\/yufengoutdoor.com\/wp-content\/uploads\/2024\/12\/DPM_TIPTOPS_LARGE_-_Copy_1024x.jpg_\u526f\u672c-150x150.webp",150,150,true],"medium":["https:\/\/yufengoutdoor.com\/wp-content\/uploads\/2024\/12\/DPM_TIPTOPS_LARGE_-_Copy_1024x.jpg_\u526f\u672c-300x211.webp",300,211,true],"medium_large":["https:\/\/yufengoutdoor.com\/wp-content\/uploads\/2024\/12\/DPM_TIPTOPS_LARGE_-_Copy_1024x.jpg_\u526f\u672c-768x539.webp",768,539,true],"large":["https:\/\/yufengoutdoor.com\/wp-content\/uploads\/2024\/12\/DPM_TIPTOPS_LARGE_-_Copy_1024x.jpg_\u526f\u672c.webp",1024,719,false],"1536x1536":["https:\/\/yufengoutdoor.com\/wp-content\/uploads\/2024\/12\/DPM_TIPTOPS_LARGE_-_Copy_1024x.jpg_\u526f\u672c.webp",1024,719,false],"2048x2048":["https:\/\/yufengoutdoor.com\/wp-content\/uploads\/2024\/12\/DPM_TIPTOPS_LARGE_-_Copy_1024x.jpg_\u526f\u672c.webp",1024,719,false],"trp-custom-language-flag":["https:\/\/yufengoutdoor.com\/wp-content\/uploads\/2024\/12\/DPM_TIPTOPS_LARGE_-_Copy_1024x.jpg_\u526f\u672c-18x12.webp",18,12,true],"woocommerce_thumbnail":["https:\/\/yufengoutdoor.com\/wp-content\/uploads\/2024\/12\/DPM_TIPTOPS_LARGE_-_Copy_1024x.jpg_\u526f\u672c.webp",1024,719,false],"woocommerce_single":["https:\/\/yufengoutdoor.com\/wp-content\/uploads\/2024\/12\/DPM_TIPTOPS_LARGE_-_Copy_1024x.jpg_\u526f\u672c.webp",1024,719,false],"woocommerce_gallery_thumbnail":["https:\/\/yufengoutdoor.com\/wp-content\/uploads\/2024\/12\/DPM_TIPTOPS_LARGE_-_Copy_1024x.jpg_\u526f\u672c-100x100.webp",100,100,true]},"uagb_author_info":{"display_name":"jinxing6611@gmail.com","author_link":"https:\/\/yufengoutdoor.com\/fr\/author\/"},"uagb_comment_info":0,"uagb_excerpt":"YF-CAE2801 &nbsp; Product size : 9ft-10ft - Fit all standard and retractable style 9ft-10ft rods (including 50mm butt rings) 12-13ft - Fit all standard 12 and 13ft rods (including 50mm butt rings) &nbsp;","_links":{"self":[{"href":"https:\/\/yufengoutdoor.com\/fr\/wp-json\/wp\/v2\/product\/3029","targetHints":{"allow":["GET"]}}],"collection":[{"href":"https:\/\/yufengoutdoor.com\/fr\/wp-json\/wp\/v2\/product"}],"about":[{"href":"https:\/\/yufengoutdoor.com\/fr\/wp-json\/wp\/v2\/types\/product"}],"replies":[{"embeddable":true,"href":"https:\/\/yufengoutdoor.com\/fr\/wp-json\/wp\/v2\/comments?post=3029"}],"wp:featuredmedia":[{"embeddable":true,"href":"https:\/\/yufengoutdoor.com\/fr\/wp-json\/wp\/v2\/media\/3030"}],"wp:attachment":[{"href":"https:\/\/yufengoutdoor.com\/fr\/wp-json\/wp\/v2\/media?parent=3029"}],"wp:term":[{"taxonomy":"product_brand","embeddable":true,"href":"https:\/\/yufengoutdoor.com\/fr\/wp-json\/wp\/v2\/product_brand?post=3029"},{"taxonomy":"product_cat","embeddable":true,"href":"https:\/\/yufengoutdoor.com\/fr\/wp-json\/wp\/v2\/product_cat?post=3029"},{"taxonomy":"product_tag","embeddable":true,"href":"https:\/\/yufengoutdoor.com\/fr\/wp-json\/wp\/v2\/product_tag?post=3029"}],"curies":[{"name":"wp","href":"https:\/\/api.w.org\/{rel}","templated":true}]}}