{"id":3184,"date":"2024-12-18T04:13:01","date_gmt":"2024-12-18T04:13:01","guid":{"rendered":"https:\/\/yufengoutdoor.com\/?post_type=product&#038;p=3184"},"modified":"2024-12-18T04:13:01","modified_gmt":"2024-12-18T04:13:01","slug":"match-pole-roller-bag","status":"publish","type":"product","link":"https:\/\/yufengoutdoor.com\/fr\/produit\/match-pole-roller-bag\/","title":{"rendered":"Sac \u00e0 roulettes pour perche de match"},"content":{"rendered":"<p>Transportez et rangez vos cannes \u00e0 p\u00eache en toute s\u00e9curit\u00e9 dans ce sac \u00e0 roulettes pour cannes \u00e0 p\u00eache. Il se compose d'un tissu ext\u00e9rieur r\u00e9sistant, de poign\u00e9es de transport robustes et d'un espace de rangement astucieux pour votre canne.<br \/>\n<strong>DURABLE<\/strong> - Construit pour durer, il est fabriqu\u00e9 \u00e0 partir d'un tissu r\u00e9sistant facile \u00e0 nettoyer et dot\u00e9 de poign\u00e9es de transport r\u00e9sistantes.<br \/>\n<strong>FERMETURES \u00c9CLAIR ADAPT\u00c9ES AUX GANTS<\/strong> - Pour plus de commodit\u00e9, il est \u00e9quip\u00e9 de fermetures \u00e0 glissi\u00e8re et de tirettes r\u00e9sistantes qui peuvent \u00eatre utilis\u00e9es avec des gants.<\/p>","protected":false},"excerpt":{"rendered":"<h4>YF-CAR2514<\/h4>\n<p>&nbsp;<\/p>\n<p><strong>Taille du produit \uff1a<\/strong>101cm x 30cm x 20cm.<\/p>","protected":false},"featured_media":3185,"comment_status":"open","ping_status":"closed","template":"","meta":{"_uag_custom_page_level_css":"","site-sidebar-layout":"default","site-content-layout":"","ast-site-content-layout":"default","site-content-style":"default","site-sidebar-style":"default","ast-global-header-display":"","ast-banner-title-visibility":"","ast-main-header-display":"","ast-hfb-above-header-display":"","ast-hfb-below-header-display":"","ast-hfb-mobile-header-display":"","site-post-title":"","ast-breadcrumbs-content":"","ast-featured-img":"","footer-sml-layout":"","ast-disable-related-posts":"","theme-transparent-header-meta":"default","adv-header-id-meta":"","stick-header-meta":"","header-above-stick-meta":"","header-main-stick-meta":"","header-below-stick-meta":"","astra-migrate-meta-layouts":"set","ast-page-background-enabled":"default","ast-page-background-meta":{"desktop":{"background-color":"","background-image":"","background-repeat":"repeat","background-position":"center center","background-size":"auto","background-attachment":"scroll","background-type":"","background-media":"","overlay-type":"","overlay-color":"","overlay-opacity":"","overlay-gradient":""},"tablet":{"background-color":"","background-image":"","background-repeat":"repeat","background-position":"center center","background-size":"auto","background-attachment":"scroll","background-type":"","background-media":"","overlay-type":"","overlay-color":"","overlay-opacity":"","overlay-gradient":""},"mobile":{"background-color":"","background-image":"","background-repeat":"repeat","background-position":"center center","background-size":"auto","background-attachment":"scroll","background-type":"","background-media":"","overlay-type":"","overlay-color":"","overlay-opacity":"","overlay-gradient":""}},"ast-content-background-meta":{"desktop":{"background-color":"var(--ast-global-color-4)","background-image":"","background-repeat":"repeat","background-position":"center center","background-size":"auto","background-attachment":"scroll","background-type":"","background-media":"","overlay-type":"","overlay-color":"","overlay-opacity":"","overlay-gradient":""},"tablet":{"background-color":"var(--ast-global-color-4)","background-image":"","background-repeat":"repeat","background-position":"center center","background-size":"auto","background-attachment":"scroll","background-type":"","background-media":"","overlay-type":"","overlay-color":"","overlay-opacity":"","overlay-gradient":""},"mobile":{"background-color":"var(--ast-global-color-4)","background-image":"","background-repeat":"repeat","background-position":"center center","background-size":"auto","background-attachment":"scroll","background-type":"","background-media":"","overlay-type":"","overlay-color":"","overlay-opacity":"","overlay-gradient":""}}},"product_brand":[],"product_cat":[48],"product_tag":[],"class_list":{"0":"post-3184","1":"product","2":"type-product","3":"status-publish","4":"has-post-thumbnail","6":"product_cat-fishing-carryall-bag","7":"desktop-align-left","8":"tablet-align-left","9":"mobile-align-left","11":"first","12":"instock","13":"shipping-taxable","14":"product-type-simple"},"aioseo_notices":[],"uagb_featured_image_src":{"full":["https:\/\/yufengoutdoor.com\/wp-content\/uploads\/2024\/12\/s-l1600_\u526f\u672c-1.png",1500,683,false],"thumbnail":["https:\/\/yufengoutdoor.com\/wp-content\/uploads\/2024\/12\/s-l1600_\u526f\u672c-1-150x150.png",150,150,true],"medium":["https:\/\/yufengoutdoor.com\/wp-content\/uploads\/2024\/12\/s-l1600_\u526f\u672c-1-300x137.png",300,137,true],"medium_large":["https:\/\/yufengoutdoor.com\/wp-content\/uploads\/2024\/12\/s-l1600_\u526f\u672c-1-768x350.png",768,350,true],"large":["https:\/\/yufengoutdoor.com\/wp-content\/uploads\/2024\/12\/s-l1600_\u526f\u672c-1-1024x466.png",1024,466,true],"1536x1536":["https:\/\/yufengoutdoor.com\/wp-content\/uploads\/2024\/12\/s-l1600_\u526f\u672c-1.png",1500,683,false],"2048x2048":["https:\/\/yufengoutdoor.com\/wp-content\/uploads\/2024\/12\/s-l1600_\u526f\u672c-1.png",1500,683,false],"trp-custom-language-flag":["https:\/\/yufengoutdoor.com\/wp-content\/uploads\/2024\/12\/s-l1600_\u526f\u672c-1-18x8.png",18,8,true],"woocommerce_thumbnail":["https:\/\/yufengoutdoor.com\/wp-content\/uploads\/2024\/12\/s-l1600_\u526f\u672c-1-1200x683.png",1200,683,true],"woocommerce_single":["https:\/\/yufengoutdoor.com\/wp-content\/uploads\/2024\/12\/s-l1600_\u526f\u672c-1-1200x546.png",1200,546,true],"woocommerce_gallery_thumbnail":["https:\/\/yufengoutdoor.com\/wp-content\/uploads\/2024\/12\/s-l1600_\u526f\u672c-1-100x100.png",100,100,true]},"uagb_author_info":{"display_name":"jinxing6611@gmail.com","author_link":"https:\/\/yufengoutdoor.com\/fr\/author\/"},"uagb_comment_info":0,"uagb_excerpt":"YF-CAR2514 &nbsp; Product size \uff1a101cm x 30cm x 20cm.","_links":{"self":[{"href":"https:\/\/yufengoutdoor.com\/fr\/wp-json\/wp\/v2\/product\/3184","targetHints":{"allow":["GET"]}}],"collection":[{"href":"https:\/\/yufengoutdoor.com\/fr\/wp-json\/wp\/v2\/product"}],"about":[{"href":"https:\/\/yufengoutdoor.com\/fr\/wp-json\/wp\/v2\/types\/product"}],"replies":[{"embeddable":true,"href":"https:\/\/yufengoutdoor.com\/fr\/wp-json\/wp\/v2\/comments?post=3184"}],"wp:featuredmedia":[{"embeddable":true,"href":"https:\/\/yufengoutdoor.com\/fr\/wp-json\/wp\/v2\/media\/3185"}],"wp:attachment":[{"href":"https:\/\/yufengoutdoor.com\/fr\/wp-json\/wp\/v2\/media?parent=3184"}],"wp:term":[{"taxonomy":"product_brand","embeddable":true,"href":"https:\/\/yufengoutdoor.com\/fr\/wp-json\/wp\/v2\/product_brand?post=3184"},{"taxonomy":"product_cat","embeddable":true,"href":"https:\/\/yufengoutdoor.com\/fr\/wp-json\/wp\/v2\/product_cat?post=3184"},{"taxonomy":"product_tag","embeddable":true,"href":"https:\/\/yufengoutdoor.com\/fr\/wp-json\/wp\/v2\/product_tag?post=3184"}],"curies":[{"name":"wp","href":"https:\/\/api.w.org\/{rel}","templated":true}]}}