{"id":2780,"date":"2024-12-13T04:32:11","date_gmt":"2024-12-13T04:32:11","guid":{"rendered":"https:\/\/yufengoutdoor.com\/?post_type=product&#038;p=2780"},"modified":"2024-12-13T05:15:05","modified_gmt":"2024-12-13T05:15:05","slug":"umbrella-45-50%e2%80%b3-with-fully-sides-45-90-tilt-function","status":"publish","type":"product","link":"https:\/\/yufengoutdoor.com\/pl\/produkt\/umbrella-45-50%e2%80%b3-with-fully-sides-45-90-tilt-function\/","title":{"rendered":"Parasol - 45\/50\u2033 z pe\u0142nymi bokami, funkcja pochylenia 45\/90"},"content":{"rendered":"<p>50\u2033 125 cm, w tym czapka<\/p>\n<p>Tkanina 210T w kolorze wojskowej zieleni z przezroczystymi szwami z ta\u015bmy<\/p>\n<p>Czarna stalowa rama<\/p>\n<p>Stalowy s\u0142up wewn\u0119trzny 90 cm, malowanie na czarno<\/p>\n<p>G\u0142\u0119boko\u015b\u0107 \u015bciany przy 130 cm<\/p>\n<p>przednia strona z du\u017cym oknem z dwoma zamkami b\u0142yskawicznymi i zwijana<\/p>\n<p>Boki do odpi\u0119cia<\/p>\n<p>Plastikowy zamek b\u0142yskawiczny zbiornika<\/p>\n<p>45+90 stopni nachylenia + standardowa prowadnica<\/p>\n<p>W ZESTAWIE 8 SZTUK L PEGS\u00d3W I 2 SZTUK 5 METROWYCH LINEK GIPSOWYCH<\/p>\n<p>Metalowe pokr\u0119t\u0142o<\/p>\n<p>210T Torba z r\u0119kawem Opakowanie<\/p>\n<p>&nbsp;<\/p>\n<p>&nbsp;<\/p>","protected":false},"excerpt":{"rendered":"<h4><strong>Model : YF-UM2101 \/ UM2102<\/strong><\/h4>\n<p>&nbsp;<\/p>\n<p>&nbsp;<\/p>\n<p><strong>Dost\u0119pne rozmiary: 220 cm, 250 cm\u00a0<\/strong><\/p>\n<p><strong>Ilo\u015b\u0107 \/ karton zewn\u0119trzny: 4 SZTUK\u00a0<\/strong><\/p>","protected":false},"featured_media":2781,"comment_status":"open","ping_status":"closed","template":"","meta":{"_uag_custom_page_level_css":"","site-sidebar-layout":"default","site-content-layout":"","ast-site-content-layout":"default","site-content-style":"default","site-sidebar-style":"default","ast-global-header-display":"","ast-banner-title-visibility":"","ast-main-header-display":"","ast-hfb-above-header-display":"","ast-hfb-below-header-display":"","ast-hfb-mobile-header-display":"","site-post-title":"","ast-breadcrumbs-content":"","ast-featured-img":"","footer-sml-layout":"","ast-disable-related-posts":"","theme-transparent-header-meta":"default","adv-header-id-meta":"","stick-header-meta":"","header-above-stick-meta":"","header-main-stick-meta":"","header-below-stick-meta":"","astra-migrate-meta-layouts":"set","ast-page-background-enabled":"default","ast-page-background-meta":{"desktop":{"background-color":"","background-image":"","background-repeat":"repeat","background-position":"center center","background-size":"auto","background-attachment":"scroll","background-type":"","background-media":"","overlay-type":"","overlay-color":"","overlay-opacity":"","overlay-gradient":""},"tablet":{"background-color":"","background-image":"","background-repeat":"repeat","background-position":"center center","background-size":"auto","background-attachment":"scroll","background-type":"","background-media":"","overlay-type":"","overlay-color":"","overlay-opacity":"","overlay-gradient":""},"mobile":{"background-color":"","background-image":"","background-repeat":"repeat","background-position":"center center","background-size":"auto","background-attachment":"scroll","background-type":"","background-media":"","overlay-type":"","overlay-color":"","overlay-opacity":"","overlay-gradient":""}},"ast-content-background-meta":{"desktop":{"background-color":"var(--ast-global-color-4)","background-image":"","background-repeat":"repeat","background-position":"center center","background-size":"auto","background-attachment":"scroll","background-type":"","background-media":"","overlay-type":"","overlay-color":"","overlay-opacity":"","overlay-gradient":""},"tablet":{"background-color":"var(--ast-global-color-4)","background-image":"","background-repeat":"repeat","background-position":"center center","background-size":"auto","background-attachment":"scroll","background-type":"","background-media":"","overlay-type":"","overlay-color":"","overlay-opacity":"","overlay-gradient":""},"mobile":{"background-color":"var(--ast-global-color-4)","background-image":"","background-repeat":"repeat","background-position":"center center","background-size":"auto","background-attachment":"scroll","background-type":"","background-media":"","overlay-type":"","overlay-color":"","overlay-opacity":"","overlay-gradient":""}}},"product_brand":[],"product_cat":[33],"product_tag":[],"class_list":{"0":"post-2780","1":"product","2":"type-product","3":"status-publish","4":"has-post-thumbnail","6":"product_cat-fishing-umbrellas-bivvy","7":"desktop-align-left","8":"tablet-align-left","9":"mobile-align-left","11":"first","12":"instock","13":"shipping-taxable","14":"product-type-simple"},"aioseo_notices":[],"uagb_featured_image_src":{"full":["https:\/\/yufengoutdoor.com\/wp-content\/uploads\/2024\/12\/parasol-250-caly-zamykany-neco-base_\u526f\u672c.jpg",800,800,false],"thumbnail":["https:\/\/yufengoutdoor.com\/wp-content\/uploads\/2024\/12\/parasol-250-caly-zamykany-neco-base_\u526f\u672c-150x150.jpg",150,150,true],"medium":["https:\/\/yufengoutdoor.com\/wp-content\/uploads\/2024\/12\/parasol-250-caly-zamykany-neco-base_\u526f\u672c-300x300.jpg",300,300,true],"medium_large":["https:\/\/yufengoutdoor.com\/wp-content\/uploads\/2024\/12\/parasol-250-caly-zamykany-neco-base_\u526f\u672c-768x768.jpg",768,768,true],"large":["https:\/\/yufengoutdoor.com\/wp-content\/uploads\/2024\/12\/parasol-250-caly-zamykany-neco-base_\u526f\u672c.jpg",800,800,false],"1536x1536":["https:\/\/yufengoutdoor.com\/wp-content\/uploads\/2024\/12\/parasol-250-caly-zamykany-neco-base_\u526f\u672c.jpg",800,800,false],"2048x2048":["https:\/\/yufengoutdoor.com\/wp-content\/uploads\/2024\/12\/parasol-250-caly-zamykany-neco-base_\u526f\u672c.jpg",800,800,false],"trp-custom-language-flag":["https:\/\/yufengoutdoor.com\/wp-content\/uploads\/2024\/12\/parasol-250-caly-zamykany-neco-base_\u526f\u672c-12x12.jpg",12,12,true],"woocommerce_thumbnail":["https:\/\/yufengoutdoor.com\/wp-content\/uploads\/2024\/12\/parasol-250-caly-zamykany-neco-base_\u526f\u672c.jpg",800,800,false],"woocommerce_single":["https:\/\/yufengoutdoor.com\/wp-content\/uploads\/2024\/12\/parasol-250-caly-zamykany-neco-base_\u526f\u672c.jpg",800,800,false],"woocommerce_gallery_thumbnail":["https:\/\/yufengoutdoor.com\/wp-content\/uploads\/2024\/12\/parasol-250-caly-zamykany-neco-base_\u526f\u672c-100x100.jpg",100,100,true]},"uagb_author_info":{"display_name":"jinxing6611@gmail.com","author_link":"https:\/\/yufengoutdoor.com\/pl\/author\/"},"uagb_comment_info":0,"uagb_excerpt":"Model : YF-UM2101 \/ UM2102 &nbsp; &nbsp; Available Sizes : 220CM , 250CM\u00a0 Qty\/Outer carton : 4PCS\u00a0","_links":{"self":[{"href":"https:\/\/yufengoutdoor.com\/pl\/wp-json\/wp\/v2\/product\/2780","targetHints":{"allow":["GET"]}}],"collection":[{"href":"https:\/\/yufengoutdoor.com\/pl\/wp-json\/wp\/v2\/product"}],"about":[{"href":"https:\/\/yufengoutdoor.com\/pl\/wp-json\/wp\/v2\/types\/product"}],"replies":[{"embeddable":true,"href":"https:\/\/yufengoutdoor.com\/pl\/wp-json\/wp\/v2\/comments?post=2780"}],"wp:featuredmedia":[{"embeddable":true,"href":"https:\/\/yufengoutdoor.com\/pl\/wp-json\/wp\/v2\/media\/2781"}],"wp:attachment":[{"href":"https:\/\/yufengoutdoor.com\/pl\/wp-json\/wp\/v2\/media?parent=2780"}],"wp:term":[{"taxonomy":"product_brand","embeddable":true,"href":"https:\/\/yufengoutdoor.com\/pl\/wp-json\/wp\/v2\/product_brand?post=2780"},{"taxonomy":"product_cat","embeddable":true,"href":"https:\/\/yufengoutdoor.com\/pl\/wp-json\/wp\/v2\/product_cat?post=2780"},{"taxonomy":"product_tag","embeddable":true,"href":"https:\/\/yufengoutdoor.com\/pl\/wp-json\/wp\/v2\/product_tag?post=2780"}],"curies":[{"name":"wp","href":"https:\/\/api.w.org\/{rel}","templated":true}]}}