{"id":2810,"date":"2024-12-13T06:37:52","date_gmt":"2024-12-13T06:37:52","guid":{"rendered":"https:\/\/yufengoutdoor.com\/?post_type=product&#038;p=2810"},"modified":"2024-12-13T06:37:52","modified_gmt":"2024-12-13T06:37:52","slug":"umbrella-shelter-60-with-storm-poles-and-groundsheet","status":"publish","type":"product","link":"https:\/\/yufengoutdoor.com\/pl\/produkt\/umbrella-shelter-60-with-storm-poles-and-groundsheet\/","title":{"rendered":"Schronienie pod parasolem - 60\u2033 z tyczkami sztormowymi i os\u0142on\u0105 przeciwdeszczow\u0105"},"content":{"rendered":"<div>60\u2033 BROLLY<\/div>\n<div>3.0M 60INCH<\/div>\n<div>\n<div>CZARNA STALOWA RAMA<\/div>\n<div>BRAK BIEGUNA DOLNEGO I WEWN\u0118TRZNEGO<\/div>\n<div>KA\u017bDA RAMA Z ZAKR\u0118TK\u0104 ZAMONTOWAN\u0104 NA PRODUKCJI<\/div>\n<div>KLEJONE SZWY<\/div>\n<div>TKANINA 210D W KOLORZE WOJSKOWEJ ZIELENI<\/div>\n<div>G\u0141\u00d3WNY BROLLY Z LOGO NGT QUICKFISH 60\u2033 W KOLORZE CZARNYM NA PANELACH BOCZNYCH<\/div>\n<div>MINI PANELE BOCZNE O D\u0141UGO\u015aCI 85-90 CM<\/div>\n<div>2*CZARNE PA\u0141ECZKI O D\u0141UGO\u015aCI 60 CM (PO ZAMKNI\u0118CIU)<\/div>\n<div>ZIELONA OS\u0141ONA PRZECIWDESZCZOWA MA BY\u0106 PROSTA Z PRZODU (NIE ZAOKR\u0104GLONA JAK OBECNIE)<\/div>\n<div>ZA\u015aLEPKA DZWONKA MA MIE\u0106 O-RING TYLKO OD WEWN\u0104TRZ<\/div>\n<div>OPASKA NA PARASOL NA TYLNYM PANELU<\/div>\n<div>TA\u015aMA PUNKTU MOCOWANIA POWINNA BY\u0106 ZSZYTA I WZMOCNIONA Z TY\u0141U.<\/div>\n<div>TA\u015aMA POWINNA MIE\u0106 TAK\u0104 SAM\u0104 SZEROKO\u015a\u0106 JAK PIER\u015aCIENIE D<\/div>\n<div>WSZYSTKIE PUNKTY MOCOWANIA MUSZ\u0104 ZNAJDOWA\u0106 SI\u0118 NA ZEWN\u0104TRZ PARASOLA<\/div>\n<div>WYPOSA\u017bONY W R\u0118KAW 210D I 12 SZTUK PEG\u00d3W W KSZTA\u0141CIE L WYMAGANE Z 2 SZTUKAMI 5-metrowych lin odci\u0105gowych<\/div>\n<\/div>","protected":false},"excerpt":{"rendered":"<h4><strong>Model : YF-UMS3001<\/strong><\/h4>\n<p>&nbsp;<\/p>\n<p>&nbsp;<\/p>\n<p><strong>Dost\u0119pne rozmiary: 300 cm\u00a0<\/strong><\/p>\n<p><strong>Ilo\u015b\u0107 \/ karton zewn\u0119trzny: 4 SZTUK<\/strong><\/p>","protected":false},"featured_media":2811,"comment_status":"open","ping_status":"closed","template":"","meta":{"_uag_custom_page_level_css":"","site-sidebar-layout":"default","site-content-layout":"","ast-site-content-layout":"default","site-content-style":"default","site-sidebar-style":"default","ast-global-header-display":"","ast-banner-title-visibility":"","ast-main-header-display":"","ast-hfb-above-header-display":"","ast-hfb-below-header-display":"","ast-hfb-mobile-header-display":"","site-post-title":"","ast-breadcrumbs-content":"","ast-featured-img":"","footer-sml-layout":"","ast-disable-related-posts":"","theme-transparent-header-meta":"default","adv-header-id-meta":"","stick-header-meta":"","header-above-stick-meta":"","header-main-stick-meta":"","header-below-stick-meta":"","astra-migrate-meta-layouts":"set","ast-page-background-enabled":"default","ast-page-background-meta":{"desktop":{"background-color":"","background-image":"","background-repeat":"repeat","background-position":"center center","background-size":"auto","background-attachment":"scroll","background-type":"","background-media":"","overlay-type":"","overlay-color":"","overlay-opacity":"","overlay-gradient":""},"tablet":{"background-color":"","background-image":"","background-repeat":"repeat","background-position":"center center","background-size":"auto","background-attachment":"scroll","background-type":"","background-media":"","overlay-type":"","overlay-color":"","overlay-opacity":"","overlay-gradient":""},"mobile":{"background-color":"","background-image":"","background-repeat":"repeat","background-position":"center center","background-size":"auto","background-attachment":"scroll","background-type":"","background-media":"","overlay-type":"","overlay-color":"","overlay-opacity":"","overlay-gradient":""}},"ast-content-background-meta":{"desktop":{"background-color":"var(--ast-global-color-4)","background-image":"","background-repeat":"repeat","background-position":"center center","background-size":"auto","background-attachment":"scroll","background-type":"","background-media":"","overlay-type":"","overlay-color":"","overlay-opacity":"","overlay-gradient":""},"tablet":{"background-color":"var(--ast-global-color-4)","background-image":"","background-repeat":"repeat","background-position":"center center","background-size":"auto","background-attachment":"scroll","background-type":"","background-media":"","overlay-type":"","overlay-color":"","overlay-opacity":"","overlay-gradient":""},"mobile":{"background-color":"var(--ast-global-color-4)","background-image":"","background-repeat":"repeat","background-position":"center center","background-size":"auto","background-attachment":"scroll","background-type":"","background-media":"","overlay-type":"","overlay-color":"","overlay-opacity":"","overlay-gradient":""}}},"product_brand":[],"product_cat":[33],"product_tag":[],"class_list":{"0":"post-2810","1":"product","2":"type-product","3":"status-publish","4":"has-post-thumbnail","6":"product_cat-fishing-umbrellas-bivvy","7":"desktop-align-left","8":"tablet-align-left","9":"mobile-align-left","11":"first","12":"instock","13":"shipping-taxable","14":"product-type-simple"},"aioseo_notices":[],"uagb_featured_image_src":{"full":["https:\/\/yufengoutdoor.com\/wp-content\/uploads\/2024\/12\/FBB-BROLLY-60-CARP_600x600.jpg.webp",600,600,false],"thumbnail":["https:\/\/yufengoutdoor.com\/wp-content\/uploads\/2024\/12\/FBB-BROLLY-60-CARP_600x600.jpg-150x150.webp",150,150,true],"medium":["https:\/\/yufengoutdoor.com\/wp-content\/uploads\/2024\/12\/FBB-BROLLY-60-CARP_600x600.jpg-300x300.webp",300,300,true],"medium_large":["https:\/\/yufengoutdoor.com\/wp-content\/uploads\/2024\/12\/FBB-BROLLY-60-CARP_600x600.jpg.webp",600,600,false],"large":["https:\/\/yufengoutdoor.com\/wp-content\/uploads\/2024\/12\/FBB-BROLLY-60-CARP_600x600.jpg.webp",600,600,false],"1536x1536":["https:\/\/yufengoutdoor.com\/wp-content\/uploads\/2024\/12\/FBB-BROLLY-60-CARP_600x600.jpg.webp",600,600,false],"2048x2048":["https:\/\/yufengoutdoor.com\/wp-content\/uploads\/2024\/12\/FBB-BROLLY-60-CARP_600x600.jpg.webp",600,600,false],"trp-custom-language-flag":["https:\/\/yufengoutdoor.com\/wp-content\/uploads\/2024\/12\/FBB-BROLLY-60-CARP_600x600.jpg-12x12.webp",12,12,true],"woocommerce_thumbnail":["https:\/\/yufengoutdoor.com\/wp-content\/uploads\/2024\/12\/FBB-BROLLY-60-CARP_600x600.jpg.webp",600,600,false],"woocommerce_single":["https:\/\/yufengoutdoor.com\/wp-content\/uploads\/2024\/12\/FBB-BROLLY-60-CARP_600x600.jpg.webp",600,600,false],"woocommerce_gallery_thumbnail":["https:\/\/yufengoutdoor.com\/wp-content\/uploads\/2024\/12\/FBB-BROLLY-60-CARP_600x600.jpg-100x100.webp",100,100,true]},"uagb_author_info":{"display_name":"jinxing6611@gmail.com","author_link":"https:\/\/yufengoutdoor.com\/pl\/author\/"},"uagb_comment_info":0,"uagb_excerpt":"Model : YF-UMS3001 &nbsp; &nbsp; Available Sizes : 300CM\u00a0 Qty\/Outer carton : 4PCS","_links":{"self":[{"href":"https:\/\/yufengoutdoor.com\/pl\/wp-json\/wp\/v2\/product\/2810","targetHints":{"allow":["GET"]}}],"collection":[{"href":"https:\/\/yufengoutdoor.com\/pl\/wp-json\/wp\/v2\/product"}],"about":[{"href":"https:\/\/yufengoutdoor.com\/pl\/wp-json\/wp\/v2\/types\/product"}],"replies":[{"embeddable":true,"href":"https:\/\/yufengoutdoor.com\/pl\/wp-json\/wp\/v2\/comments?post=2810"}],"wp:featuredmedia":[{"embeddable":true,"href":"https:\/\/yufengoutdoor.com\/pl\/wp-json\/wp\/v2\/media\/2811"}],"wp:attachment":[{"href":"https:\/\/yufengoutdoor.com\/pl\/wp-json\/wp\/v2\/media?parent=2810"}],"wp:term":[{"taxonomy":"product_brand","embeddable":true,"href":"https:\/\/yufengoutdoor.com\/pl\/wp-json\/wp\/v2\/product_brand?post=2810"},{"taxonomy":"product_cat","embeddable":true,"href":"https:\/\/yufengoutdoor.com\/pl\/wp-json\/wp\/v2\/product_cat?post=2810"},{"taxonomy":"product_tag","embeddable":true,"href":"https:\/\/yufengoutdoor.com\/pl\/wp-json\/wp\/v2\/product_tag?post=2810"}],"curies":[{"name":"wp","href":"https:\/\/api.w.org\/{rel}","templated":true}]}}