{"id":2830,"date":"2024-12-13T07:25:56","date_gmt":"2024-12-13T07:25:56","guid":{"rendered":"https:\/\/yufengoutdoor.com\/?post_type=product&#038;p=2830"},"modified":"2024-12-13T07:25:56","modified_gmt":"2024-12-13T07:25:56","slug":"umbrella-superior-shelter-60%e2%80%b3-with-4pcsstorm-poles-and-groundsheet","status":"publish","type":"product","link":"https:\/\/yufengoutdoor.com\/pl\/produkt\/umbrella-superior-shelter-60%e2%80%b3-with-4pcsstorm-poles-and-groundsheet\/","title":{"rendered":"Umbrella Superior Shelter - 60\u2033 z 4-cz\u0119\u015bciowymi tyczkami burzowymi i os\u0142on\u0105 przeciwdeszczow\u0105"},"content":{"rendered":"<div>KAMUFLA\u017b 210D DPM<\/div>\n<div>WYSOKO\u015a\u0106 MINI PANELU BOCZNEGO 95 CM - 100 CM<\/div>\n<div>150 CM MIERZONE OD G\u00d3RNEJ CZ\u0118\u015aCI OS\u0141ONY BRZUCHA<\/div>\n<div>SZWY Z ZIELONEJ TA\u015aMY<\/div>\n<div>STALOWA RAMA O GRUBO\u015aCI 4,8 MM<\/div>\n<div>PODK\u0141ADKA PE - PE\u0141NY ROZMIAR JAKO SCHRONIENIE<\/div>\n<div>ZAPINANY NA ZAMEK PRZEDNI PANEL Z ZAMKIEM B\u0141YSKAWICZNYM I KLAP\u0104 SZTORMOW\u0104 Z PRZODU<\/div>\n<div>TRZY PANELE + PANEL BOCZNY<\/div>\n<div>TRZY PRZEDNIE PANELE Z ZEWN\u0118TRZN\u0104 KLAPK\u0104 I OKIENKIEM Z SIATKI PRZECIW KOMAROM<\/div>\n<div>SZEROKO\u015a\u0106 KA\u017bDEGO OKNA 75-78 CM, WYSOKO\u015a\u0106 90-95 CM<\/div>\n<div>KA\u017bDE OKNO Z RZEPEM<\/div>\n<div>RAZEM 3 ZIPS<\/div>\n<div>DOSTARCZANY Z 2*ZIELONYMI PA\u0141ECZKAMI O D\u0141UGO\u015aCI 110 CM (PO ZAMKNI\u0118CIU)<\/div>\n<div>PLUS 2*ZIELONE KIJE BANKOWE @ 60 CM (PO ZAMKNI\u0118CIU)<\/div>\n<div>TORBA TRANSPORTOWA BEZ PASKA NA RAMI\u0118<\/div>\n<div>METALOWY PIER\u015aCIE\u0143 NA DOLE KA\u017bDEGO PANELU<\/div>\n<div>WYSOKO\u015a\u0106 PANELU PRZEDNIEGO OKO\u0141O 145-150 CM<\/div>\n<div>PANEL PRZEDNI Z TRZEMA POZIOMAMI PIER\u015aCIENI D<\/div>\n<div>W ZESTAWIE 12 SZTUK KO\u0141K\u00d3W O 7 KSZTA\u0141TACH I 2 SZTUKI LIN O D\u0141UGO\u015aCI 5 M.<\/div>","protected":false},"excerpt":{"rendered":"<h4><strong>Model : YF-UMS3002<\/strong><\/h4>\n<p>&nbsp;<\/p>\n<p>&nbsp;<\/p>\n<p><strong>Dost\u0119pne rozmiary: 300 cm\u00a0<\/strong><\/p>\n<p><strong>Ilo\u015b\u0107 \/ karton wewn\u0119trzny: 1 szt.<\/strong><\/p>\n<p><strong>Ilo\u015b\u0107 \/ karton zewn\u0119trzny: 2 szt.<\/strong><\/p>","protected":false},"featured_media":2831,"comment_status":"open","ping_status":"closed","template":"","meta":{"_uag_custom_page_level_css":"","site-sidebar-layout":"default","site-content-layout":"","ast-site-content-layout":"default","site-content-style":"default","site-sidebar-style":"default","ast-global-header-display":"","ast-banner-title-visibility":"","ast-main-header-display":"","ast-hfb-above-header-display":"","ast-hfb-below-header-display":"","ast-hfb-mobile-header-display":"","site-post-title":"","ast-breadcrumbs-content":"","ast-featured-img":"","footer-sml-layout":"","ast-disable-related-posts":"","theme-transparent-header-meta":"default","adv-header-id-meta":"","stick-header-meta":"","header-above-stick-meta":"","header-main-stick-meta":"","header-below-stick-meta":"","astra-migrate-meta-layouts":"set","ast-page-background-enabled":"default","ast-page-background-meta":{"desktop":{"background-color":"","background-image":"","background-repeat":"repeat","background-position":"center center","background-size":"auto","background-attachment":"scroll","background-type":"","background-media":"","overlay-type":"","overlay-color":"","overlay-opacity":"","overlay-gradient":""},"tablet":{"background-color":"","background-image":"","background-repeat":"repeat","background-position":"center center","background-size":"auto","background-attachment":"scroll","background-type":"","background-media":"","overlay-type":"","overlay-color":"","overlay-opacity":"","overlay-gradient":""},"mobile":{"background-color":"","background-image":"","background-repeat":"repeat","background-position":"center center","background-size":"auto","background-attachment":"scroll","background-type":"","background-media":"","overlay-type":"","overlay-color":"","overlay-opacity":"","overlay-gradient":""}},"ast-content-background-meta":{"desktop":{"background-color":"var(--ast-global-color-4)","background-image":"","background-repeat":"repeat","background-position":"center center","background-size":"auto","background-attachment":"scroll","background-type":"","background-media":"","overlay-type":"","overlay-color":"","overlay-opacity":"","overlay-gradient":""},"tablet":{"background-color":"var(--ast-global-color-4)","background-image":"","background-repeat":"repeat","background-position":"center center","background-size":"auto","background-attachment":"scroll","background-type":"","background-media":"","overlay-type":"","overlay-color":"","overlay-opacity":"","overlay-gradient":""},"mobile":{"background-color":"var(--ast-global-color-4)","background-image":"","background-repeat":"repeat","background-position":"center center","background-size":"auto","background-attachment":"scroll","background-type":"","background-media":"","overlay-type":"","overlay-color":"","overlay-opacity":"","overlay-gradient":""}}},"product_brand":[],"product_cat":[20,33],"product_tag":[],"class_list":{"0":"post-2830","1":"product","2":"type-product","3":"status-publish","4":"has-post-thumbnail","6":"product_cat-uncategorized","7":"product_cat-fishing-umbrellas-bivvy","8":"desktop-align-left","9":"tablet-align-left","10":"mobile-align-left","12":"first","13":"instock","14":"shipping-taxable","15":"product-type-simple"},"aioseo_notices":[],"uagb_featured_image_src":{"full":["https:\/\/yufengoutdoor.com\/wp-content\/uploads\/2024\/12\/\u5fae\u4fe1\u56fe\u7247_20241213145618_\u526f\u672c.jpg",1600,1200,false],"thumbnail":["https:\/\/yufengoutdoor.com\/wp-content\/uploads\/2024\/12\/\u5fae\u4fe1\u56fe\u7247_20241213145618_\u526f\u672c-150x150.jpg",150,150,true],"medium":["https:\/\/yufengoutdoor.com\/wp-content\/uploads\/2024\/12\/\u5fae\u4fe1\u56fe\u7247_20241213145618_\u526f\u672c-300x225.jpg",300,225,true],"medium_large":["https:\/\/yufengoutdoor.com\/wp-content\/uploads\/2024\/12\/\u5fae\u4fe1\u56fe\u7247_20241213145618_\u526f\u672c-768x576.jpg",768,576,true],"large":["https:\/\/yufengoutdoor.com\/wp-content\/uploads\/2024\/12\/\u5fae\u4fe1\u56fe\u7247_20241213145618_\u526f\u672c-1024x768.jpg",1024,768,true],"1536x1536":["https:\/\/yufengoutdoor.com\/wp-content\/uploads\/2024\/12\/\u5fae\u4fe1\u56fe\u7247_20241213145618_\u526f\u672c-1536x1152.jpg",1536,1152,true],"2048x2048":["https:\/\/yufengoutdoor.com\/wp-content\/uploads\/2024\/12\/\u5fae\u4fe1\u56fe\u7247_20241213145618_\u526f\u672c.jpg",1600,1200,false],"trp-custom-language-flag":["https:\/\/yufengoutdoor.com\/wp-content\/uploads\/2024\/12\/\u5fae\u4fe1\u56fe\u7247_20241213145618_\u526f\u672c-16x12.jpg",16,12,true],"woocommerce_thumbnail":["https:\/\/yufengoutdoor.com\/wp-content\/uploads\/2024\/12\/\u5fae\u4fe1\u56fe\u7247_20241213145618_\u526f\u672c-1200x1200.jpg",1200,1200,true],"woocommerce_single":["https:\/\/yufengoutdoor.com\/wp-content\/uploads\/2024\/12\/\u5fae\u4fe1\u56fe\u7247_20241213145618_\u526f\u672c-1200x900.jpg",1200,900,true],"woocommerce_gallery_thumbnail":["https:\/\/yufengoutdoor.com\/wp-content\/uploads\/2024\/12\/\u5fae\u4fe1\u56fe\u7247_20241213145618_\u526f\u672c-100x100.jpg",100,100,true]},"uagb_author_info":{"display_name":"jinxing6611@gmail.com","author_link":"https:\/\/yufengoutdoor.com\/pl\/author\/"},"uagb_comment_info":0,"uagb_excerpt":"Model : YF-UMS3002 &nbsp; &nbsp; Available Sizes : 300CM\u00a0 Qty\/Inner carton :1 \u00a0pcs Qty\/Outer carton : 2 pcs","_links":{"self":[{"href":"https:\/\/yufengoutdoor.com\/pl\/wp-json\/wp\/v2\/product\/2830","targetHints":{"allow":["GET"]}}],"collection":[{"href":"https:\/\/yufengoutdoor.com\/pl\/wp-json\/wp\/v2\/product"}],"about":[{"href":"https:\/\/yufengoutdoor.com\/pl\/wp-json\/wp\/v2\/types\/product"}],"replies":[{"embeddable":true,"href":"https:\/\/yufengoutdoor.com\/pl\/wp-json\/wp\/v2\/comments?post=2830"}],"wp:featuredmedia":[{"embeddable":true,"href":"https:\/\/yufengoutdoor.com\/pl\/wp-json\/wp\/v2\/media\/2831"}],"wp:attachment":[{"href":"https:\/\/yufengoutdoor.com\/pl\/wp-json\/wp\/v2\/media?parent=2830"}],"wp:term":[{"taxonomy":"product_brand","embeddable":true,"href":"https:\/\/yufengoutdoor.com\/pl\/wp-json\/wp\/v2\/product_brand?post=2830"},{"taxonomy":"product_cat","embeddable":true,"href":"https:\/\/yufengoutdoor.com\/pl\/wp-json\/wp\/v2\/product_cat?post=2830"},{"taxonomy":"product_tag","embeddable":true,"href":"https:\/\/yufengoutdoor.com\/pl\/wp-json\/wp\/v2\/product_tag?post=2830"}],"curies":[{"name":"wp","href":"https:\/\/api.w.org\/{rel}","templated":true}]}}