{"id":2920,"date":"2024-12-14T01:07:18","date_gmt":"2024-12-14T01:07:18","guid":{"rendered":"https:\/\/yufengoutdoor.com\/?post_type=product&#038;p=2920"},"modified":"2024-12-15T00:37:10","modified_gmt":"2024-12-15T00:37:10","slug":"multiple-functions-camo-ruckall","status":"publish","type":"product","link":"https:\/\/yufengoutdoor.com\/pl\/produkt\/multiple-functions-camo-ruckall\/","title":{"rendered":"Wielofunkcyjny Camo Ruckall"},"content":{"rendered":"<ul class=\"ul1\">\n<li class=\"li1\">Wzmocnione podparcie odcinka l\u0119d\u017awiowego kr\u0119gos\u0142upa.<\/li>\n<li class=\"li1\">Trzy du\u017ce kieszenie zewn\u0119trzne<\/li>\n<li class=\"li1\">Wewn\u0119trzna kiesze\u0144 na pasek z zamkiem b\u0142yskawicznym.<\/li>\n<li class=\"li1\">Wytrzyma\u0142y materia\u0142 600D DPM.<\/li>\n<li class=\"li1\">Ergonomiczny, mocny neoprenowy uchwyt do przenoszenia.<\/li>\n<li class=\"li1\">Du\u017ca wewn\u0119trzna wy\u015bcie\u0142ana przegroda.<\/li>\n<li class=\"li1\">Wytrzyma\u0142e zamki b\u0142yskawiczne i \u015bci\u0105gacze nr 10.<\/li>\n<li class=\"li1\">Wymiary wewn\u0119trzne (komora g\u0142\u00f3wna) - 48 cm x 28 cm x 22 cm<\/li>\n<\/ul>","protected":false},"excerpt":{"rendered":"<h4>YF-RUK2401<\/h4>\n<p>&nbsp;<\/p>\n<p>Dost\u0119pny kolor: niestandardowy kolor jest w porz\u0105dku<\/p>\n<p>Rozmiar: 48 cm x 28 cm x 22 cm<\/p>","protected":false},"featured_media":2921,"comment_status":"open","ping_status":"closed","template":"","meta":{"_uag_custom_page_level_css":"","site-sidebar-layout":"default","site-content-layout":"","ast-site-content-layout":"default","site-content-style":"default","site-sidebar-style":"default","ast-global-header-display":"","ast-banner-title-visibility":"","ast-main-header-display":"","ast-hfb-above-header-display":"","ast-hfb-below-header-display":"","ast-hfb-mobile-header-display":"","site-post-title":"","ast-breadcrumbs-content":"","ast-featured-img":"","footer-sml-layout":"","ast-disable-related-posts":"","theme-transparent-header-meta":"default","adv-header-id-meta":"","stick-header-meta":"","header-above-stick-meta":"","header-main-stick-meta":"","header-below-stick-meta":"","astra-migrate-meta-layouts":"set","ast-page-background-enabled":"default","ast-page-background-meta":{"desktop":{"background-color":"","background-image":"","background-repeat":"repeat","background-position":"center center","background-size":"auto","background-attachment":"scroll","background-type":"","background-media":"","overlay-type":"","overlay-color":"","overlay-opacity":"","overlay-gradient":""},"tablet":{"background-color":"","background-image":"","background-repeat":"repeat","background-position":"center center","background-size":"auto","background-attachment":"scroll","background-type":"","background-media":"","overlay-type":"","overlay-color":"","overlay-opacity":"","overlay-gradient":""},"mobile":{"background-color":"","background-image":"","background-repeat":"repeat","background-position":"center center","background-size":"auto","background-attachment":"scroll","background-type":"","background-media":"","overlay-type":"","overlay-color":"","overlay-opacity":"","overlay-gradient":""}},"ast-content-background-meta":{"desktop":{"background-color":"var(--ast-global-color-4)","background-image":"","background-repeat":"repeat","background-position":"center center","background-size":"auto","background-attachment":"scroll","background-type":"","background-media":"","overlay-type":"","overlay-color":"","overlay-opacity":"","overlay-gradient":""},"tablet":{"background-color":"var(--ast-global-color-4)","background-image":"","background-repeat":"repeat","background-position":"center center","background-size":"auto","background-attachment":"scroll","background-type":"","background-media":"","overlay-type":"","overlay-color":"","overlay-opacity":"","overlay-gradient":""},"mobile":{"background-color":"var(--ast-global-color-4)","background-image":"","background-repeat":"repeat","background-position":"center center","background-size":"auto","background-attachment":"scroll","background-type":"","background-media":"","overlay-type":"","overlay-color":"","overlay-opacity":"","overlay-gradient":""}}},"product_brand":[],"product_cat":[44],"product_tag":[],"class_list":{"0":"post-2920","1":"product","2":"type-product","3":"status-publish","4":"has-post-thumbnail","6":"product_cat-fishing-rucksack","7":"desktop-align-left","8":"tablet-align-left","9":"mobile-align-left","11":"first","12":"instock","13":"shipping-taxable","14":"product-type-simple"},"aioseo_notices":[],"uagb_featured_image_src":{"full":["https:\/\/yufengoutdoor.com\/wp-content\/uploads\/2024\/12\/IMG_0121_1000x.jpg_\u526f\u672c.webp",1000,1500,false],"thumbnail":["https:\/\/yufengoutdoor.com\/wp-content\/uploads\/2024\/12\/IMG_0121_1000x.jpg_\u526f\u672c-150x150.webp",150,150,true],"medium":["https:\/\/yufengoutdoor.com\/wp-content\/uploads\/2024\/12\/IMG_0121_1000x.jpg_\u526f\u672c-200x300.webp",200,300,true],"medium_large":["https:\/\/yufengoutdoor.com\/wp-content\/uploads\/2024\/12\/IMG_0121_1000x.jpg_\u526f\u672c-768x1152.webp",768,1152,true],"large":["https:\/\/yufengoutdoor.com\/wp-content\/uploads\/2024\/12\/IMG_0121_1000x.jpg_\u526f\u672c-683x1024.webp",683,1024,true],"1536x1536":["https:\/\/yufengoutdoor.com\/wp-content\/uploads\/2024\/12\/IMG_0121_1000x.jpg_\u526f\u672c.webp",1000,1500,false],"2048x2048":["https:\/\/yufengoutdoor.com\/wp-content\/uploads\/2024\/12\/IMG_0121_1000x.jpg_\u526f\u672c.webp",1000,1500,false],"trp-custom-language-flag":["https:\/\/yufengoutdoor.com\/wp-content\/uploads\/2024\/12\/IMG_0121_1000x.jpg_\u526f\u672c-8x12.webp",8,12,true],"woocommerce_thumbnail":["https:\/\/yufengoutdoor.com\/wp-content\/uploads\/2024\/12\/IMG_0121_1000x.jpg_\u526f\u672c-1000x1200.webp",1000,1200,true],"woocommerce_single":["https:\/\/yufengoutdoor.com\/wp-content\/uploads\/2024\/12\/IMG_0121_1000x.jpg_\u526f\u672c.webp",1000,1500,false],"woocommerce_gallery_thumbnail":["https:\/\/yufengoutdoor.com\/wp-content\/uploads\/2024\/12\/IMG_0121_1000x.jpg_\u526f\u672c-100x100.webp",100,100,true]},"uagb_author_info":{"display_name":"jinxing6611@gmail.com","author_link":"https:\/\/yufengoutdoor.com\/pl\/author\/"},"uagb_comment_info":0,"uagb_excerpt":"YF-RUK2401 &nbsp; Available color : \u00a0Customized color are ok Size : 48cm x 28cm x 22cm","_links":{"self":[{"href":"https:\/\/yufengoutdoor.com\/pl\/wp-json\/wp\/v2\/product\/2920","targetHints":{"allow":["GET"]}}],"collection":[{"href":"https:\/\/yufengoutdoor.com\/pl\/wp-json\/wp\/v2\/product"}],"about":[{"href":"https:\/\/yufengoutdoor.com\/pl\/wp-json\/wp\/v2\/types\/product"}],"replies":[{"embeddable":true,"href":"https:\/\/yufengoutdoor.com\/pl\/wp-json\/wp\/v2\/comments?post=2920"}],"wp:featuredmedia":[{"embeddable":true,"href":"https:\/\/yufengoutdoor.com\/pl\/wp-json\/wp\/v2\/media\/2921"}],"wp:attachment":[{"href":"https:\/\/yufengoutdoor.com\/pl\/wp-json\/wp\/v2\/media?parent=2920"}],"wp:term":[{"taxonomy":"product_brand","embeddable":true,"href":"https:\/\/yufengoutdoor.com\/pl\/wp-json\/wp\/v2\/product_brand?post=2920"},{"taxonomy":"product_cat","embeddable":true,"href":"https:\/\/yufengoutdoor.com\/pl\/wp-json\/wp\/v2\/product_cat?post=2920"},{"taxonomy":"product_tag","embeddable":true,"href":"https:\/\/yufengoutdoor.com\/pl\/wp-json\/wp\/v2\/product_tag?post=2920"}],"curies":[{"name":"wp","href":"https:\/\/api.w.org\/{rel}","templated":true}]}}