{"id":2975,"date":"2024-12-15T00:58:08","date_gmt":"2024-12-15T00:58:08","guid":{"rendered":"https:\/\/yufengoutdoor.com\/?post_type=product&#038;p=2975"},"modified":"2024-12-15T00:58:08","modified_gmt":"2024-12-15T00:58:08","slug":"dpm-bitz-bag","status":"publish","type":"product","link":"https:\/\/yufengoutdoor.com\/pl\/produkt\/dpm-bitz-bag\/","title":{"rendered":"Torba DPM Bitz"},"content":{"rendered":"<p>Torba Bitz Bag zosta\u0142a zaprojektowana z my\u015bl\u0105 o przechowywaniu wszystkich niezb\u0119dnych przybor\u00f3w brzegowych lub alternatywnych przedmiot\u00f3w, kt\u00f3re mog\u0105 by\u0107 potrzebne podczas sesji, niezale\u017cnie od tego, czy s\u0105 to niezb\u0119dne p\u0142ywaki, kawa\u0142ki worka PVA, czy nawet te przedmioty, kt\u00f3re s\u0105 zbyt du\u017ce, aby zmie\u015bci\u0107 si\u0119 w pude\u0142ku ze sprz\u0119tem.<\/p>\n<p>Por\u0119czne wyjmowane przegrody pozwalaj\u0105 dostosowa\u0107 przestrze\u0144 do w\u0142asnych potrzeb. Podw\u00f3jnie wyposa\u017cona w por\u0119czn\u0105 kiesze\u0144 na zamek b\u0142yskawiczny po wewn\u0119trznej stronie pokrywy, oferuje wiele opcji przechowywania w tak kompaktowej torbie. Wyko\u0144czona podstaw\u0105 do wycierania i por\u0119cznym, mocnym neoprenowym uchwytem do przenoszenia, jest idealnym baga\u017cem niezb\u0119dnym i zaprojektowanym tak, aby idealnie pasowa\u0142 do g\u0142\u00f3wnej komory DPM Ruckall.<\/p>","protected":false},"excerpt":{"rendered":"<h4>YF-ACY2607<\/h4>\n<p>&nbsp;<\/p>\n<p><strong>Rozmiar produktu : <\/strong>26*17*7cm<\/p>","protected":false},"featured_media":2976,"comment_status":"open","ping_status":"closed","template":"","meta":{"_uag_custom_page_level_css":"","site-sidebar-layout":"default","site-content-layout":"","ast-site-content-layout":"default","site-content-style":"default","site-sidebar-style":"default","ast-global-header-display":"","ast-banner-title-visibility":"","ast-main-header-display":"","ast-hfb-above-header-display":"","ast-hfb-below-header-display":"","ast-hfb-mobile-header-display":"","site-post-title":"","ast-breadcrumbs-content":"","ast-featured-img":"","footer-sml-layout":"","ast-disable-related-posts":"","theme-transparent-header-meta":"default","adv-header-id-meta":"","stick-header-meta":"","header-above-stick-meta":"","header-main-stick-meta":"","header-below-stick-meta":"","astra-migrate-meta-layouts":"set","ast-page-background-enabled":"default","ast-page-background-meta":{"desktop":{"background-color":"","background-image":"","background-repeat":"repeat","background-position":"center center","background-size":"auto","background-attachment":"scroll","background-type":"","background-media":"","overlay-type":"","overlay-color":"","overlay-opacity":"","overlay-gradient":""},"tablet":{"background-color":"","background-image":"","background-repeat":"repeat","background-position":"center center","background-size":"auto","background-attachment":"scroll","background-type":"","background-media":"","overlay-type":"","overlay-color":"","overlay-opacity":"","overlay-gradient":""},"mobile":{"background-color":"","background-image":"","background-repeat":"repeat","background-position":"center center","background-size":"auto","background-attachment":"scroll","background-type":"","background-media":"","overlay-type":"","overlay-color":"","overlay-opacity":"","overlay-gradient":""}},"ast-content-background-meta":{"desktop":{"background-color":"var(--ast-global-color-4)","background-image":"","background-repeat":"repeat","background-position":"center center","background-size":"auto","background-attachment":"scroll","background-type":"","background-media":"","overlay-type":"","overlay-color":"","overlay-opacity":"","overlay-gradient":""},"tablet":{"background-color":"var(--ast-global-color-4)","background-image":"","background-repeat":"repeat","background-position":"center center","background-size":"auto","background-attachment":"scroll","background-type":"","background-media":"","overlay-type":"","overlay-color":"","overlay-opacity":"","overlay-gradient":""},"mobile":{"background-color":"var(--ast-global-color-4)","background-image":"","background-repeat":"repeat","background-position":"center center","background-size":"auto","background-attachment":"scroll","background-type":"","background-media":"","overlay-type":"","overlay-color":"","overlay-opacity":"","overlay-gradient":""}}},"product_brand":[],"product_cat":[42],"product_tag":[],"class_list":{"0":"post-2975","1":"product","2":"type-product","3":"status-publish","4":"has-post-thumbnail","6":"product_cat-fishing-accessory-bag","7":"desktop-align-left","8":"tablet-align-left","9":"mobile-align-left","11":"first","12":"instock","13":"shipping-taxable","14":"product-type-simple"},"aioseo_notices":[],"uagb_featured_image_src":{"full":["https:\/\/yufengoutdoor.com\/wp-content\/uploads\/2024\/12\/DPM_BITZ_BAG-1_1000x_\u526f\u672c.jpg",1000,666,false],"thumbnail":["https:\/\/yufengoutdoor.com\/wp-content\/uploads\/2024\/12\/DPM_BITZ_BAG-1_1000x_\u526f\u672c-150x150.jpg",150,150,true],"medium":["https:\/\/yufengoutdoor.com\/wp-content\/uploads\/2024\/12\/DPM_BITZ_BAG-1_1000x_\u526f\u672c-300x200.jpg",300,200,true],"medium_large":["https:\/\/yufengoutdoor.com\/wp-content\/uploads\/2024\/12\/DPM_BITZ_BAG-1_1000x_\u526f\u672c-768x511.jpg",768,511,true],"large":["https:\/\/yufengoutdoor.com\/wp-content\/uploads\/2024\/12\/DPM_BITZ_BAG-1_1000x_\u526f\u672c.jpg",1000,666,false],"1536x1536":["https:\/\/yufengoutdoor.com\/wp-content\/uploads\/2024\/12\/DPM_BITZ_BAG-1_1000x_\u526f\u672c.jpg",1000,666,false],"2048x2048":["https:\/\/yufengoutdoor.com\/wp-content\/uploads\/2024\/12\/DPM_BITZ_BAG-1_1000x_\u526f\u672c.jpg",1000,666,false],"trp-custom-language-flag":["https:\/\/yufengoutdoor.com\/wp-content\/uploads\/2024\/12\/DPM_BITZ_BAG-1_1000x_\u526f\u672c-18x12.jpg",18,12,true],"woocommerce_thumbnail":["https:\/\/yufengoutdoor.com\/wp-content\/uploads\/2024\/12\/DPM_BITZ_BAG-1_1000x_\u526f\u672c.jpg",1000,666,false],"woocommerce_single":["https:\/\/yufengoutdoor.com\/wp-content\/uploads\/2024\/12\/DPM_BITZ_BAG-1_1000x_\u526f\u672c.jpg",1000,666,false],"woocommerce_gallery_thumbnail":["https:\/\/yufengoutdoor.com\/wp-content\/uploads\/2024\/12\/DPM_BITZ_BAG-1_1000x_\u526f\u672c-100x100.jpg",100,100,true]},"uagb_author_info":{"display_name":"jinxing6611@gmail.com","author_link":"https:\/\/yufengoutdoor.com\/pl\/author\/"},"uagb_comment_info":0,"uagb_excerpt":"YF-ACY2607 &nbsp; Product size : 26*17*7cm","_links":{"self":[{"href":"https:\/\/yufengoutdoor.com\/pl\/wp-json\/wp\/v2\/product\/2975","targetHints":{"allow":["GET"]}}],"collection":[{"href":"https:\/\/yufengoutdoor.com\/pl\/wp-json\/wp\/v2\/product"}],"about":[{"href":"https:\/\/yufengoutdoor.com\/pl\/wp-json\/wp\/v2\/types\/product"}],"replies":[{"embeddable":true,"href":"https:\/\/yufengoutdoor.com\/pl\/wp-json\/wp\/v2\/comments?post=2975"}],"wp:featuredmedia":[{"embeddable":true,"href":"https:\/\/yufengoutdoor.com\/pl\/wp-json\/wp\/v2\/media\/2976"}],"wp:attachment":[{"href":"https:\/\/yufengoutdoor.com\/pl\/wp-json\/wp\/v2\/media?parent=2975"}],"wp:term":[{"taxonomy":"product_brand","embeddable":true,"href":"https:\/\/yufengoutdoor.com\/pl\/wp-json\/wp\/v2\/product_brand?post=2975"},{"taxonomy":"product_cat","embeddable":true,"href":"https:\/\/yufengoutdoor.com\/pl\/wp-json\/wp\/v2\/product_cat?post=2975"},{"taxonomy":"product_tag","embeddable":true,"href":"https:\/\/yufengoutdoor.com\/pl\/wp-json\/wp\/v2\/product_tag?post=2975"}],"curies":[{"name":"wp","href":"https:\/\/api.w.org\/{rel}","templated":true}]}}