{"id":3096,"date":"2024-12-16T05:52:27","date_gmt":"2024-12-16T05:52:27","guid":{"rendered":"https:\/\/yufengoutdoor.com\/?post_type=product&#038;p=3096"},"modified":"2024-12-16T05:52:27","modified_gmt":"2024-12-16T05:52:27","slug":"superior-rucksack","status":"publish","type":"product","link":"https:\/\/yufengoutdoor.com\/pl\/produkt\/superior-rucksack\/","title":{"rendered":"Plecak Superior"},"content":{"rendered":"<div id=\"itemDescription\" class=\"itemDescriptionC clearfix dec\">Wodoodporna tkanina 600D Rip-stop<\/div>\n<div id=\"itemDescription\" class=\"itemDescriptionC clearfix dec\">W pe\u0142ni wy\u015bcie\u0142ane dla optymalnej ochrony<\/div>\n<div id=\"itemDescription\" class=\"itemDescriptionC clearfix dec\">Regulowana uprz\u0105\u017c<\/div>\n<div id=\"itemDescription\" class=\"itemDescriptionC clearfix dec\">Antykorozyjne zamki b\u0142yskawiczne HD i \u015bci\u0105gacze Hi-Viz<\/div>\n<div id=\"itemDescription\" class=\"itemDescriptionC clearfix dec\">2 x Odpinane woreczki do przechowywania<\/div>\n<div id=\"itemDescription\" class=\"itemDescriptionC clearfix dec\">4 x panele ta\u015bmowe do przechowywania Bank Stick<\/div>\n<div id=\"itemDescription\" class=\"itemDescriptionC clearfix dec\">Dodatkowy schowek\/ta\u015bma na podstawie<\/div>\n<div id=\"itemDescription\" class=\"itemDescriptionC clearfix dec\">Ukryta os\u0142ona przeciwdeszczowa i przeciwpo\u015blizgowa<\/div>\n<div id=\"itemDescription\" class=\"itemDescriptionC clearfix dec\">Wodoodporna podstawa<\/div>\n<div id=\"itemDescription\" class=\"itemDescriptionC clearfix dec\">Wymiary: 55 x 17 x 41 cm<\/div>","protected":false},"excerpt":{"rendered":"<h4>YF-RUK2403<\/h4>\n<p>&nbsp;<\/p>\n<p><strong>Rozmiar produktu :<\/strong> 55 x 17 x 41 cm<\/p>","protected":false},"featured_media":3097,"comment_status":"open","ping_status":"closed","template":"","meta":{"_uag_custom_page_level_css":"","site-sidebar-layout":"default","site-content-layout":"","ast-site-content-layout":"default","site-content-style":"default","site-sidebar-style":"default","ast-global-header-display":"","ast-banner-title-visibility":"","ast-main-header-display":"","ast-hfb-above-header-display":"","ast-hfb-below-header-display":"","ast-hfb-mobile-header-display":"","site-post-title":"","ast-breadcrumbs-content":"","ast-featured-img":"","footer-sml-layout":"","ast-disable-related-posts":"","theme-transparent-header-meta":"default","adv-header-id-meta":"","stick-header-meta":"","header-above-stick-meta":"","header-main-stick-meta":"","header-below-stick-meta":"","astra-migrate-meta-layouts":"set","ast-page-background-enabled":"default","ast-page-background-meta":{"desktop":{"background-color":"","background-image":"","background-repeat":"repeat","background-position":"center center","background-size":"auto","background-attachment":"scroll","background-type":"","background-media":"","overlay-type":"","overlay-color":"","overlay-opacity":"","overlay-gradient":""},"tablet":{"background-color":"","background-image":"","background-repeat":"repeat","background-position":"center center","background-size":"auto","background-attachment":"scroll","background-type":"","background-media":"","overlay-type":"","overlay-color":"","overlay-opacity":"","overlay-gradient":""},"mobile":{"background-color":"","background-image":"","background-repeat":"repeat","background-position":"center center","background-size":"auto","background-attachment":"scroll","background-type":"","background-media":"","overlay-type":"","overlay-color":"","overlay-opacity":"","overlay-gradient":""}},"ast-content-background-meta":{"desktop":{"background-color":"var(--ast-global-color-4)","background-image":"","background-repeat":"repeat","background-position":"center center","background-size":"auto","background-attachment":"scroll","background-type":"","background-media":"","overlay-type":"","overlay-color":"","overlay-opacity":"","overlay-gradient":""},"tablet":{"background-color":"var(--ast-global-color-4)","background-image":"","background-repeat":"repeat","background-position":"center center","background-size":"auto","background-attachment":"scroll","background-type":"","background-media":"","overlay-type":"","overlay-color":"","overlay-opacity":"","overlay-gradient":""},"mobile":{"background-color":"var(--ast-global-color-4)","background-image":"","background-repeat":"repeat","background-position":"center center","background-size":"auto","background-attachment":"scroll","background-type":"","background-media":"","overlay-type":"","overlay-color":"","overlay-opacity":"","overlay-gradient":""}}},"product_brand":[],"product_cat":[44],"product_tag":[],"class_list":{"0":"post-3096","1":"product","2":"type-product","3":"status-publish","4":"has-post-thumbnail","6":"product_cat-fishing-rucksack","7":"desktop-align-left","8":"tablet-align-left","9":"mobile-align-left","11":"first","12":"instock","13":"shipping-taxable","14":"product-type-simple"},"aioseo_notices":[],"uagb_featured_image_src":{"full":["https:\/\/yufengoutdoor.com\/wp-content\/uploads\/2024\/12\/s-l1600_\u526f\u672c-1.jpg",1200,1200,false],"thumbnail":["https:\/\/yufengoutdoor.com\/wp-content\/uploads\/2024\/12\/s-l1600_\u526f\u672c-1-150x150.jpg",150,150,true],"medium":["https:\/\/yufengoutdoor.com\/wp-content\/uploads\/2024\/12\/s-l1600_\u526f\u672c-1-300x300.jpg",300,300,true],"medium_large":["https:\/\/yufengoutdoor.com\/wp-content\/uploads\/2024\/12\/s-l1600_\u526f\u672c-1-768x768.jpg",768,768,true],"large":["https:\/\/yufengoutdoor.com\/wp-content\/uploads\/2024\/12\/s-l1600_\u526f\u672c-1-1024x1024.jpg",1024,1024,true],"1536x1536":["https:\/\/yufengoutdoor.com\/wp-content\/uploads\/2024\/12\/s-l1600_\u526f\u672c-1.jpg",1200,1200,false],"2048x2048":["https:\/\/yufengoutdoor.com\/wp-content\/uploads\/2024\/12\/s-l1600_\u526f\u672c-1.jpg",1200,1200,false],"trp-custom-language-flag":["https:\/\/yufengoutdoor.com\/wp-content\/uploads\/2024\/12\/s-l1600_\u526f\u672c-1-12x12.jpg",12,12,true],"woocommerce_thumbnail":["https:\/\/yufengoutdoor.com\/wp-content\/uploads\/2024\/12\/s-l1600_\u526f\u672c-1.jpg",1200,1200,false],"woocommerce_single":["https:\/\/yufengoutdoor.com\/wp-content\/uploads\/2024\/12\/s-l1600_\u526f\u672c-1.jpg",1200,1200,false],"woocommerce_gallery_thumbnail":["https:\/\/yufengoutdoor.com\/wp-content\/uploads\/2024\/12\/s-l1600_\u526f\u672c-1-100x100.jpg",100,100,true]},"uagb_author_info":{"display_name":"jinxing6611@gmail.com","author_link":"https:\/\/yufengoutdoor.com\/pl\/author\/"},"uagb_comment_info":0,"uagb_excerpt":"YF-RUK2403 &nbsp; Product size : 55 x 17 x 41cm","_links":{"self":[{"href":"https:\/\/yufengoutdoor.com\/pl\/wp-json\/wp\/v2\/product\/3096","targetHints":{"allow":["GET"]}}],"collection":[{"href":"https:\/\/yufengoutdoor.com\/pl\/wp-json\/wp\/v2\/product"}],"about":[{"href":"https:\/\/yufengoutdoor.com\/pl\/wp-json\/wp\/v2\/types\/product"}],"replies":[{"embeddable":true,"href":"https:\/\/yufengoutdoor.com\/pl\/wp-json\/wp\/v2\/comments?post=3096"}],"wp:featuredmedia":[{"embeddable":true,"href":"https:\/\/yufengoutdoor.com\/pl\/wp-json\/wp\/v2\/media\/3097"}],"wp:attachment":[{"href":"https:\/\/yufengoutdoor.com\/pl\/wp-json\/wp\/v2\/media?parent=3096"}],"wp:term":[{"taxonomy":"product_brand","embeddable":true,"href":"https:\/\/yufengoutdoor.com\/pl\/wp-json\/wp\/v2\/product_brand?post=3096"},{"taxonomy":"product_cat","embeddable":true,"href":"https:\/\/yufengoutdoor.com\/pl\/wp-json\/wp\/v2\/product_cat?post=3096"},{"taxonomy":"product_tag","embeddable":true,"href":"https:\/\/yufengoutdoor.com\/pl\/wp-json\/wp\/v2\/product_tag?post=3096"}],"curies":[{"name":"wp","href":"https:\/\/api.w.org\/{rel}","templated":true}]}}