{"id":3118,"date":"2024-12-16T06:47:40","date_gmt":"2024-12-16T06:47:40","guid":{"rendered":"https:\/\/yufengoutdoor.com\/?post_type=product&#038;p=3118"},"modified":"2024-12-16T06:47:40","modified_gmt":"2024-12-16T06:47:40","slug":"2-man-thermal-carryall-with-cutlery-set","status":"publish","type":"product","link":"https:\/\/yufengoutdoor.com\/pl\/produkt\/2-man-thermal-carryall-with-cutlery-set\/","title":{"rendered":"2-osobowa torba termiczna z zestawem sztu\u0107c\u00f3w"},"content":{"rendered":"<ul>\n<li>Torba termiczna z podszewk\u0105 izolacyjn\u0105<\/li>\n<li>Zaprojektowany do przenoszenia \u017cywno\u015bci i napoj\u00f3w<\/li>\n<li>Dwukierunkowy zamek b\u0142yskawiczny<\/li>\n<li>Torba wyposa\u017cona w trzy mniejsze kieszenie<\/li>\n<li>Pasek do przenoszenia<\/li>\n<li>Posiada dwa uchwyty<\/li>\n<\/ul>","protected":false},"excerpt":{"rendered":"<h4><strong>YF-CAR2507<\/strong><\/h4>\n<p>&nbsp;<\/p>\n<p>Rozmiar produktu: 42 x 29 x 30 cm<\/p>\n<ul>\n<li>2 p\u0142yty<\/li>\n<li>2 fili\u017canki<\/li>\n<li>2 zestawy sztu\u0107c\u00f3w<\/li>\n<li>1 r\u0119cznik<\/li>\n<\/ul>","protected":false},"featured_media":3119,"comment_status":"open","ping_status":"closed","template":"","meta":{"_uag_custom_page_level_css":"","site-sidebar-layout":"default","site-content-layout":"","ast-site-content-layout":"default","site-content-style":"default","site-sidebar-style":"default","ast-global-header-display":"","ast-banner-title-visibility":"","ast-main-header-display":"","ast-hfb-above-header-display":"","ast-hfb-below-header-display":"","ast-hfb-mobile-header-display":"","site-post-title":"","ast-breadcrumbs-content":"","ast-featured-img":"","footer-sml-layout":"","ast-disable-related-posts":"","theme-transparent-header-meta":"default","adv-header-id-meta":"","stick-header-meta":"","header-above-stick-meta":"","header-main-stick-meta":"","header-below-stick-meta":"","astra-migrate-meta-layouts":"set","ast-page-background-enabled":"default","ast-page-background-meta":{"desktop":{"background-color":"","background-image":"","background-repeat":"repeat","background-position":"center center","background-size":"auto","background-attachment":"scroll","background-type":"","background-media":"","overlay-type":"","overlay-color":"","overlay-opacity":"","overlay-gradient":""},"tablet":{"background-color":"","background-image":"","background-repeat":"repeat","background-position":"center center","background-size":"auto","background-attachment":"scroll","background-type":"","background-media":"","overlay-type":"","overlay-color":"","overlay-opacity":"","overlay-gradient":""},"mobile":{"background-color":"","background-image":"","background-repeat":"repeat","background-position":"center center","background-size":"auto","background-attachment":"scroll","background-type":"","background-media":"","overlay-type":"","overlay-color":"","overlay-opacity":"","overlay-gradient":""}},"ast-content-background-meta":{"desktop":{"background-color":"var(--ast-global-color-4)","background-image":"","background-repeat":"repeat","background-position":"center center","background-size":"auto","background-attachment":"scroll","background-type":"","background-media":"","overlay-type":"","overlay-color":"","overlay-opacity":"","overlay-gradient":""},"tablet":{"background-color":"var(--ast-global-color-4)","background-image":"","background-repeat":"repeat","background-position":"center center","background-size":"auto","background-attachment":"scroll","background-type":"","background-media":"","overlay-type":"","overlay-color":"","overlay-opacity":"","overlay-gradient":""},"mobile":{"background-color":"var(--ast-global-color-4)","background-image":"","background-repeat":"repeat","background-position":"center center","background-size":"auto","background-attachment":"scroll","background-type":"","background-media":"","overlay-type":"","overlay-color":"","overlay-opacity":"","overlay-gradient":""}}},"product_brand":[],"product_cat":[48],"product_tag":[],"class_list":{"0":"post-3118","1":"product","2":"type-product","3":"status-publish","4":"has-post-thumbnail","6":"product_cat-fishing-carryall-bag","7":"desktop-align-left","8":"tablet-align-left","9":"mobile-align-left","11":"first","12":"instock","13":"shipping-taxable","14":"product-type-simple"},"aioseo_notices":[],"uagb_featured_image_src":{"full":["https:\/\/yufengoutdoor.com\/wp-content\/uploads\/2024\/12\/Set-de-cubiertos-Mikado-Enclave-Thermo-1.jpg_\u526f\u672c.webp",900,900,false],"thumbnail":["https:\/\/yufengoutdoor.com\/wp-content\/uploads\/2024\/12\/Set-de-cubiertos-Mikado-Enclave-Thermo-1.jpg_\u526f\u672c-150x150.webp",150,150,true],"medium":["https:\/\/yufengoutdoor.com\/wp-content\/uploads\/2024\/12\/Set-de-cubiertos-Mikado-Enclave-Thermo-1.jpg_\u526f\u672c-300x300.webp",300,300,true],"medium_large":["https:\/\/yufengoutdoor.com\/wp-content\/uploads\/2024\/12\/Set-de-cubiertos-Mikado-Enclave-Thermo-1.jpg_\u526f\u672c-768x768.webp",768,768,true],"large":["https:\/\/yufengoutdoor.com\/wp-content\/uploads\/2024\/12\/Set-de-cubiertos-Mikado-Enclave-Thermo-1.jpg_\u526f\u672c.webp",900,900,false],"1536x1536":["https:\/\/yufengoutdoor.com\/wp-content\/uploads\/2024\/12\/Set-de-cubiertos-Mikado-Enclave-Thermo-1.jpg_\u526f\u672c.webp",900,900,false],"2048x2048":["https:\/\/yufengoutdoor.com\/wp-content\/uploads\/2024\/12\/Set-de-cubiertos-Mikado-Enclave-Thermo-1.jpg_\u526f\u672c.webp",900,900,false],"trp-custom-language-flag":["https:\/\/yufengoutdoor.com\/wp-content\/uploads\/2024\/12\/Set-de-cubiertos-Mikado-Enclave-Thermo-1.jpg_\u526f\u672c-12x12.webp",12,12,true],"woocommerce_thumbnail":["https:\/\/yufengoutdoor.com\/wp-content\/uploads\/2024\/12\/Set-de-cubiertos-Mikado-Enclave-Thermo-1.jpg_\u526f\u672c.webp",900,900,false],"woocommerce_single":["https:\/\/yufengoutdoor.com\/wp-content\/uploads\/2024\/12\/Set-de-cubiertos-Mikado-Enclave-Thermo-1.jpg_\u526f\u672c.webp",900,900,false],"woocommerce_gallery_thumbnail":["https:\/\/yufengoutdoor.com\/wp-content\/uploads\/2024\/12\/Set-de-cubiertos-Mikado-Enclave-Thermo-1.jpg_\u526f\u672c-100x100.webp",100,100,true]},"uagb_author_info":{"display_name":"jinxing6611@gmail.com","author_link":"https:\/\/yufengoutdoor.com\/pl\/author\/"},"uagb_comment_info":0,"uagb_excerpt":"YF-CAR2507 &nbsp; Product size : 42 x 29 x 30cm 2 plates 2 cups 2 sets of cutlery 1 towel","_links":{"self":[{"href":"https:\/\/yufengoutdoor.com\/pl\/wp-json\/wp\/v2\/product\/3118","targetHints":{"allow":["GET"]}}],"collection":[{"href":"https:\/\/yufengoutdoor.com\/pl\/wp-json\/wp\/v2\/product"}],"about":[{"href":"https:\/\/yufengoutdoor.com\/pl\/wp-json\/wp\/v2\/types\/product"}],"replies":[{"embeddable":true,"href":"https:\/\/yufengoutdoor.com\/pl\/wp-json\/wp\/v2\/comments?post=3118"}],"wp:featuredmedia":[{"embeddable":true,"href":"https:\/\/yufengoutdoor.com\/pl\/wp-json\/wp\/v2\/media\/3119"}],"wp:attachment":[{"href":"https:\/\/yufengoutdoor.com\/pl\/wp-json\/wp\/v2\/media?parent=3118"}],"wp:term":[{"taxonomy":"product_brand","embeddable":true,"href":"https:\/\/yufengoutdoor.com\/pl\/wp-json\/wp\/v2\/product_brand?post=3118"},{"taxonomy":"product_cat","embeddable":true,"href":"https:\/\/yufengoutdoor.com\/pl\/wp-json\/wp\/v2\/product_cat?post=3118"},{"taxonomy":"product_tag","embeddable":true,"href":"https:\/\/yufengoutdoor.com\/pl\/wp-json\/wp\/v2\/product_tag?post=3118"}],"curies":[{"name":"wp","href":"https:\/\/api.w.org\/{rel}","templated":true}]}}