{"id":3396,"date":"2024-12-19T04:34:24","date_gmt":"2024-12-19T04:34:24","guid":{"rendered":"https:\/\/yufengoutdoor.com\/?post_type=product&#038;p=3396"},"modified":"2024-12-19T04:34:24","modified_gmt":"2024-12-19T04:34:24","slug":"lightweight-folding-mat","status":"publish","type":"product","link":"https:\/\/yufengoutdoor.com\/pl\/produkt\/lightweight-folding-mat\/","title":{"rendered":"Lekka mata sk\u0142adana"},"content":{"rendered":"<p>Wytrzyma\u0142a tkanina poliestrowa 210D Denier Oxford Green<br \/>\nPowlekana PU klapka zabezpieczaj\u0105ca (zapewnia spok\u00f3j podczas przechwytywania)<br \/>\n4 x punkty mocowania (ko\u0142ki nie wchodz\u0105 w sk\u0142ad zestawu)<br \/>\nPokrowiec na wag\u0119 (waga nie wchodzi w sk\u0142ad zestawu)<br \/>\nRegulowane paski boczne umo\u017cliwiaj\u0105 przymocowanie podbieraka dla mobilnych w\u0119dkarzy.<br \/>\n3 cm Wype\u0142niona piank\u0105 wy\u015bcie\u0142ana ochrona dla ryb<br \/>\nWype\u0142nienie z pianki o wysoko\u015bci 8 cm<br \/>\nUchwyt do przenoszenia z neoprenowym zapi\u0119ciem<br \/>\nP\u0142ywaj\u0105ca konstrukcja pozwala w\u0119dkarzowi na bezpieczny powr\u00f3t do po\u0142owu podczas robienia ostatniego zdj\u0119cia trofeum<br \/>\nLekka sk\u0142adana mata, kt\u00f3ra sk\u0142ada si\u0119 na p\u00f3\u0142 w celu \u0142atwego transportu r\u0119cznego lub taczk\u0105<\/p>","protected":false},"excerpt":{"rendered":"<h4>YF-CAR2805<\/h4>\n<p>&nbsp;<\/p>\n<p><strong>Rozmiar produktu :<\/strong> 110*70*8cm<\/p>","protected":false},"featured_media":3398,"comment_status":"open","ping_status":"closed","template":"","meta":{"_uag_custom_page_level_css":"","site-sidebar-layout":"default","site-content-layout":"","ast-site-content-layout":"default","site-content-style":"default","site-sidebar-style":"default","ast-global-header-display":"","ast-banner-title-visibility":"","ast-main-header-display":"","ast-hfb-above-header-display":"","ast-hfb-below-header-display":"","ast-hfb-mobile-header-display":"","site-post-title":"","ast-breadcrumbs-content":"","ast-featured-img":"","footer-sml-layout":"","ast-disable-related-posts":"","theme-transparent-header-meta":"default","adv-header-id-meta":"","stick-header-meta":"","header-above-stick-meta":"","header-main-stick-meta":"","header-below-stick-meta":"","astra-migrate-meta-layouts":"set","ast-page-background-enabled":"default","ast-page-background-meta":{"desktop":{"background-color":"","background-image":"","background-repeat":"repeat","background-position":"center center","background-size":"auto","background-attachment":"scroll","background-type":"","background-media":"","overlay-type":"","overlay-color":"","overlay-opacity":"","overlay-gradient":""},"tablet":{"background-color":"","background-image":"","background-repeat":"repeat","background-position":"center center","background-size":"auto","background-attachment":"scroll","background-type":"","background-media":"","overlay-type":"","overlay-color":"","overlay-opacity":"","overlay-gradient":""},"mobile":{"background-color":"","background-image":"","background-repeat":"repeat","background-position":"center center","background-size":"auto","background-attachment":"scroll","background-type":"","background-media":"","overlay-type":"","overlay-color":"","overlay-opacity":"","overlay-gradient":""}},"ast-content-background-meta":{"desktop":{"background-color":"var(--ast-global-color-4)","background-image":"","background-repeat":"repeat","background-position":"center center","background-size":"auto","background-attachment":"scroll","background-type":"","background-media":"","overlay-type":"","overlay-color":"","overlay-opacity":"","overlay-gradient":""},"tablet":{"background-color":"var(--ast-global-color-4)","background-image":"","background-repeat":"repeat","background-position":"center center","background-size":"auto","background-attachment":"scroll","background-type":"","background-media":"","overlay-type":"","overlay-color":"","overlay-opacity":"","overlay-gradient":""},"mobile":{"background-color":"var(--ast-global-color-4)","background-image":"","background-repeat":"repeat","background-position":"center center","background-size":"auto","background-attachment":"scroll","background-type":"","background-media":"","overlay-type":"","overlay-color":"","overlay-opacity":"","overlay-gradient":""}}},"product_brand":[],"product_cat":[50],"product_tag":[],"class_list":{"0":"post-3396","1":"product","2":"type-product","3":"status-publish","4":"has-post-thumbnail","6":"product_cat-unhooking-mats","7":"desktop-align-left","8":"tablet-align-left","9":"mobile-align-left","11":"first","12":"instock","13":"shipping-taxable","14":"product-type-simple"},"aioseo_notices":[],"uagb_featured_image_src":{"full":["https:\/\/yufengoutdoor.com\/wp-content\/uploads\/2024\/12\/266ae4105c0db0e32474ac95bd8b3289_\u526f\u672c_\u526f\u672c-scaled.jpg",2560,1920,false],"thumbnail":["https:\/\/yufengoutdoor.com\/wp-content\/uploads\/2024\/12\/266ae4105c0db0e32474ac95bd8b3289_\u526f\u672c_\u526f\u672c-150x150.jpg",150,150,true],"medium":["https:\/\/yufengoutdoor.com\/wp-content\/uploads\/2024\/12\/266ae4105c0db0e32474ac95bd8b3289_\u526f\u672c_\u526f\u672c-300x225.jpg",300,225,true],"medium_large":["https:\/\/yufengoutdoor.com\/wp-content\/uploads\/2024\/12\/266ae4105c0db0e32474ac95bd8b3289_\u526f\u672c_\u526f\u672c-768x576.jpg",768,576,true],"large":["https:\/\/yufengoutdoor.com\/wp-content\/uploads\/2024\/12\/266ae4105c0db0e32474ac95bd8b3289_\u526f\u672c_\u526f\u672c-1024x768.jpg",1024,768,true],"1536x1536":["https:\/\/yufengoutdoor.com\/wp-content\/uploads\/2024\/12\/266ae4105c0db0e32474ac95bd8b3289_\u526f\u672c_\u526f\u672c-1536x1152.jpg",1536,1152,true],"2048x2048":["https:\/\/yufengoutdoor.com\/wp-content\/uploads\/2024\/12\/266ae4105c0db0e32474ac95bd8b3289_\u526f\u672c_\u526f\u672c-2048x1536.jpg",2048,1536,true],"trp-custom-language-flag":["https:\/\/yufengoutdoor.com\/wp-content\/uploads\/2024\/12\/266ae4105c0db0e32474ac95bd8b3289_\u526f\u672c_\u526f\u672c-16x12.jpg",16,12,true],"woocommerce_thumbnail":["https:\/\/yufengoutdoor.com\/wp-content\/uploads\/2024\/12\/266ae4105c0db0e32474ac95bd8b3289_\u526f\u672c_\u526f\u672c-1200x1200.jpg",1200,1200,true],"woocommerce_single":["https:\/\/yufengoutdoor.com\/wp-content\/uploads\/2024\/12\/266ae4105c0db0e32474ac95bd8b3289_\u526f\u672c_\u526f\u672c-1200x900.jpg",1200,900,true],"woocommerce_gallery_thumbnail":["https:\/\/yufengoutdoor.com\/wp-content\/uploads\/2024\/12\/266ae4105c0db0e32474ac95bd8b3289_\u526f\u672c_\u526f\u672c-100x100.jpg",100,100,true]},"uagb_author_info":{"display_name":"jinxing6611@gmail.com","author_link":"https:\/\/yufengoutdoor.com\/pl\/author\/"},"uagb_comment_info":0,"uagb_excerpt":"YF-CAR2805 &nbsp; Product size : 110*70*8cm","_links":{"self":[{"href":"https:\/\/yufengoutdoor.com\/pl\/wp-json\/wp\/v2\/product\/3396","targetHints":{"allow":["GET"]}}],"collection":[{"href":"https:\/\/yufengoutdoor.com\/pl\/wp-json\/wp\/v2\/product"}],"about":[{"href":"https:\/\/yufengoutdoor.com\/pl\/wp-json\/wp\/v2\/types\/product"}],"replies":[{"embeddable":true,"href":"https:\/\/yufengoutdoor.com\/pl\/wp-json\/wp\/v2\/comments?post=3396"}],"wp:featuredmedia":[{"embeddable":true,"href":"https:\/\/yufengoutdoor.com\/pl\/wp-json\/wp\/v2\/media\/3398"}],"wp:attachment":[{"href":"https:\/\/yufengoutdoor.com\/pl\/wp-json\/wp\/v2\/media?parent=3396"}],"wp:term":[{"taxonomy":"product_brand","embeddable":true,"href":"https:\/\/yufengoutdoor.com\/pl\/wp-json\/wp\/v2\/product_brand?post=3396"},{"taxonomy":"product_cat","embeddable":true,"href":"https:\/\/yufengoutdoor.com\/pl\/wp-json\/wp\/v2\/product_cat?post=3396"},{"taxonomy":"product_tag","embeddable":true,"href":"https:\/\/yufengoutdoor.com\/pl\/wp-json\/wp\/v2\/product_tag?post=3396"}],"curies":[{"name":"wp","href":"https:\/\/api.w.org\/{rel}","templated":true}]}}